{"id":3568,"date":"2025-11-18T16:39:32","date_gmt":"2025-11-18T15:39:32","guid":{"rendered":"https:\/\/proshop.epsimec.dev\/unsere-lieferoptionen\/"},"modified":"2026-01-21T14:11:04","modified_gmt":"2026-01-21T13:11:04","slug":"nos-options-de-livraison","status":"publish","type":"page","link":"https:\/\/proshop.epsimec.dev\/fr\/nos-options-de-livraison\/","title":{"rendered":"Nos options de livraison"},"content":{"rendered":"<div id=\"ep-hero-section-block_87faf29d88a66b60e4da9b0cf9f0267a\" class=\"ep-hero-section ep-block \">\n            <div class=\"show-frontend\">\n\n                                    \n                                                <div class=\"image-wrapper\">\n                <picture>\n                    <source srcset=\"https:\/\/proshop.epsimec.dev\/wp-content\/uploads\/2025\/11\/lager-schweiz-1-1600x600-c-center.jpg 1x\" media=\"(min-width: 1024px)\"\/>\n                    <source srcset=\"https:\/\/proshop.epsimec.dev\/wp-content\/uploads\/2025\/11\/lager-schweiz-1-1024x500-c-center.jpg 1x\" media=\"(min-width: 768px)\"\/>\n                    <source srcset=\"https:\/\/proshop.epsimec.dev\/wp-content\/uploads\/2025\/11\/lager-schweiz-1-768x500-c-center.jpg 1x\" media=\"(max-width: 767px)\"\/>\n                    <img decoding=\"async\" src=\"https:\/\/proshop.epsimec.dev\/wp-content\/uploads\/2025\/11\/lager-schweiz-1-768x500-c-center.jpg\" alt=\"\" title=\"Lager-Schweiz-1\"\/>\n                <\/picture>\n            <\/div>\n\n            <div class=\"inner\">\n                <div class=\"box\">\n                                            <div class=\"sub-title\">Des solutions flexibles pour chaque projet<\/div>\n                    \n                                            <h2>Aper\u00e7u de nos options de livraison<\/h2>\n                    \n                                            <div class=\"text\"><p>Qu&rsquo;il s&rsquo;agisse d&rsquo;une exp\u00e9dition standard, d&rsquo;une livraison \u00e0 date fixe ou d&rsquo;un enl\u00e8vement sur place, nos options sont con\u00e7ues pour simplifier votre processus et garantir une livraison sans encombre.<\/p>\n<\/div>\n                    \n                    \n                <\/div>\n            <\/div>\n        <\/div>\n    <\/div>\n\n\n<div id=\"ep-block-spacer-block_47e017703c06b0c4d495432e18566f62\" class=\"ep-block-spacer ep-block \">\n            <section  class=\"show-frontend  \">\n                        <style>\n                #ep-spacer-fY5nH {\n                    height: 96px;\n                }\n\n                @media (max-width: 767px) {\n                    #ep-spacer-fY5nH {\n                        height: 20px;\n                    }\n                }\n\n                @media (min-width: 768px) and (max-width: 1023px) {\n                    #ep-spacer-fY5nH {\n                        height: 50px;\n                    }\n                }\n            <\/style>\n            <div id=\"ep-spacer-fY5nH\"><\/div>\n        <\/section>\n    <\/div>\n\n<div id=\"ep-information-card-block_b845a2261fcaae5bc32135ad961ce9c7\" class=\"ep-information-card ep-block \">\n            <div class=\"show-frontend\">\n            <div class=\"inner\">\n                <div class=\"card image-left\">\n                    <div class=\"image-wrapper\">\n                                                                                                            \n                                                                                                                <picture>\n                                <source srcset=\"https:\/\/proshop.epsimec.dev\/wp-content\/uploads\/2025\/11\/lieferoptionen-lieferung-1024x0-c-center.jpg 1x\" media=\"(min-width: 1024px)\"\/>\n                                <source srcset=\"https:\/\/proshop.epsimec.dev\/wp-content\/uploads\/2025\/11\/lieferoptionen-lieferung-1024x0-c-center.jpg 1x\" media=\"(min-width: 768px)\"\/>\n                                <source srcset=\"https:\/\/proshop.epsimec.dev\/wp-content\/uploads\/2025\/11\/lieferoptionen-lieferung-768x0-c-center.jpg 1x\" media=\"(max-width: 767px)\"\/>\n                                <img decoding=\"async\" src=\"https:\/\/proshop.epsimec.dev\/wp-content\/uploads\/2025\/11\/lieferoptionen-lieferung-768x0-c-center.jpg\" alt=\"\" title=\"lieferoptionen-lieferung\"\/>\n                            <\/picture>\n                                            <\/div>\n                    <div class=\"text-wrapper\">\n                        <div>\n                                                            <h3>Livraison standard<\/h3>\n                            \n                                                            <div class=\"text\"><p>Lorem ipsum dolor sit amet, consectetur adipiscing elit. Sed facilisis orci vitae nunc porttitor, et semper urna vehicula.<\/p>\n<\/div>\n                            \n                                                    <\/div>\n                    <\/div>\n                <\/div>\n            <\/div>\n        <\/div>\n    <\/div>\n\n\n<div id=\"ep-block-spacer-block_59079332d28f78e896962b7fcaf1e4a0\" class=\"ep-block-spacer ep-block \">\n            <section  class=\"show-frontend  \">\n                        <style>\n                #ep-spacer-EI01k {\n                    height: 44px;\n                }\n\n                @media (max-width: 767px) {\n                    #ep-spacer-EI01k {\n                        height: 20px;\n                    }\n                }\n\n                @media (min-width: 768px) and (max-width: 1023px) {\n                    #ep-spacer-EI01k {\n                        height: 32px;\n                    }\n                }\n            <\/style>\n            <div id=\"ep-spacer-EI01k\"><\/div>\n        <\/section>\n    <\/div>\n\n<div id=\"ep-information-card-block_2eb3d48368185f80c7081a6db1099a38\" class=\"ep-information-card ep-block \">\n            <div class=\"show-frontend\">\n            <div class=\"inner\">\n                <div class=\"card image-right\">\n                    <div class=\"image-wrapper\">\n                                                                                                            \n                                                                                                                <picture>\n                                <source srcset=\"https:\/\/proshop.epsimec.dev\/wp-content\/uploads\/2025\/11\/lieferoptionen-lieferung-1024x0-c-center.jpg 1x\" media=\"(min-width: 1024px)\"\/>\n                                <source srcset=\"https:\/\/proshop.epsimec.dev\/wp-content\/uploads\/2025\/11\/lieferoptionen-lieferung-1024x0-c-center.jpg 1x\" media=\"(min-width: 768px)\"\/>\n                                <source srcset=\"https:\/\/proshop.epsimec.dev\/wp-content\/uploads\/2025\/11\/lieferoptionen-lieferung-768x0-c-center.jpg 1x\" media=\"(max-width: 767px)\"\/>\n                                <img decoding=\"async\" src=\"https:\/\/proshop.epsimec.dev\/wp-content\/uploads\/2025\/11\/lieferoptionen-lieferung-768x0-c-center.jpg\" alt=\"\" title=\"lieferoptionen-lieferung\"\/>\n                            <\/picture>\n                                            <\/div>\n                    <div class=\"text-wrapper\">\n                        <div>\n                                                            <h3>Livraison express<\/h3>\n                            \n                                                            <div class=\"text\"><p>Lorem ipsum dolor sit amet, consectetur adipiscing elit. Vivamus aliquet velit ac enim fringilla, vitae feugiat augue ullamcorper.<\/p>\n<\/div>\n                            \n                                                    <\/div>\n                    <\/div>\n                <\/div>\n            <\/div>\n        <\/div>\n    <\/div>\n\n\n<div id=\"ep-block-spacer-block_59079332d28f78e896962b7fcaf1e4a0\" class=\"ep-block-spacer ep-block \">\n            <section  class=\"show-frontend  \">\n                        <style>\n                #ep-spacer-qOnbo {\n                    height: 44px;\n                }\n\n                @media (max-width: 767px) {\n                    #ep-spacer-qOnbo {\n                        height: 20px;\n                    }\n                }\n\n                @media (min-width: 768px) and (max-width: 1023px) {\n                    #ep-spacer-qOnbo {\n                        height: 32px;\n                    }\n                }\n            <\/style>\n            <div id=\"ep-spacer-qOnbo\"><\/div>\n        <\/section>\n    <\/div>\n\n<div id=\"ep-information-card-block_e0615ba9e1e25e2aed1d41db93047317\" class=\"ep-information-card ep-block \">\n            <div class=\"show-frontend\">\n            <div class=\"inner\">\n                <div class=\"card image-left\">\n                    <div class=\"image-wrapper\">\n                                                                                                            \n                                                                                                                <picture>\n                                <source srcset=\"https:\/\/proshop.epsimec.dev\/wp-content\/uploads\/2025\/11\/lieferoptionen-lieferung-1024x0-c-center.jpg 1x\" media=\"(min-width: 1024px)\"\/>\n                                <source srcset=\"https:\/\/proshop.epsimec.dev\/wp-content\/uploads\/2025\/11\/lieferoptionen-lieferung-1024x0-c-center.jpg 1x\" media=\"(min-width: 768px)\"\/>\n                                <source srcset=\"https:\/\/proshop.epsimec.dev\/wp-content\/uploads\/2025\/11\/lieferoptionen-lieferung-768x0-c-center.jpg 1x\" media=\"(max-width: 767px)\"\/>\n                                <img decoding=\"async\" src=\"https:\/\/proshop.epsimec.dev\/wp-content\/uploads\/2025\/11\/lieferoptionen-lieferung-768x0-c-center.jpg\" alt=\"\" title=\"lieferoptionen-lieferung\"\/>\n                            <\/picture>\n                                            <\/div>\n                    <div class=\"text-wrapper\">\n                        <div>\n                                                            <h3>Livraison \u00e0 terme \/ Date souhait\u00e9e<\/h3>\n                            \n                                                            <div class=\"text\"><p>Lorem ipsum dolor sit amet, consectetur adipiscing elit. Praesent feugiat eros sit amet nisl malesuada, in fermentum turpis suscipit.<\/p>\n<\/div>\n                            \n                                                    <\/div>\n                    <\/div>\n                <\/div>\n            <\/div>\n        <\/div>\n    <\/div>\n","protected":false},"excerpt":{"rendered":"","protected":false},"author":1,"featured_media":0,"parent":0,"menu_order":0,"comment_status":"closed","ping_status":"closed","template":"","meta":{"_acf_changed":false,"footnotes":""},"class_list":["post-3568","page","type-page","status-publish","hentry"],"acf":[],"yoast_head":"<!-- This site is optimized with the Yoast SEO plugin v26.3 - https:\/\/yoast.com\/wordpress\/plugins\/seo\/ -->\n<title>Nos options de livraison - Proshop - JELD-WEN<\/title>\n<meta name=\"robots\" content=\"noindex, follow, max-snippet:-1, max-image-preview:large, max-video-preview:-1\" \/>\n<meta property=\"og:locale\" content=\"fr_FR\" \/>\n<meta property=\"og:type\" content=\"article\" \/>\n<meta property=\"og:title\" content=\"Nos options de livraison - Proshop - JELD-WEN\" \/>\n<meta property=\"og:url\" content=\"https:\/\/proshop.epsimec.dev\/fr\/nos-options-de-livraison\/\" \/>\n<meta property=\"og:site_name\" content=\"Proshop - JELD-WEN\" \/>\n<meta property=\"article:modified_time\" content=\"2026-01-21T13:11:04+00:00\" \/>\n<meta name=\"twitter:card\" content=\"summary_large_image\" \/>\n<script type=\"application\/ld+json\" class=\"yoast-schema-graph\">{\"@context\":\"https:\/\/schema.org\",\"@graph\":[{\"@type\":\"WebPage\",\"@id\":\"https:\/\/proshop.epsimec.dev\/fr\/nos-options-de-livraison\/\",\"url\":\"https:\/\/proshop.epsimec.dev\/fr\/nos-options-de-livraison\/\",\"name\":\"Nos options de livraison - Proshop - JELD-WEN\",\"isPartOf\":{\"@id\":\"https:\/\/proshop.epsimec.dev\/fr\/#website\"},\"datePublished\":\"2025-11-18T15:39:32+00:00\",\"dateModified\":\"2026-01-21T13:11:04+00:00\",\"breadcrumb\":{\"@id\":\"https:\/\/proshop.epsimec.dev\/fr\/nos-options-de-livraison\/#breadcrumb\"},\"inLanguage\":\"fr-FR\",\"potentialAction\":[{\"@type\":\"ReadAction\",\"target\":[\"https:\/\/proshop.epsimec.dev\/fr\/nos-options-de-livraison\/\"]}]},{\"@type\":\"BreadcrumbList\",\"@id\":\"https:\/\/proshop.epsimec.dev\/fr\/nos-options-de-livraison\/#breadcrumb\",\"itemListElement\":[{\"@type\":\"ListItem\",\"position\":1,\"name\":\"Home\",\"item\":\"https:\/\/proshop.epsimec.dev\/fr\/\"},{\"@type\":\"ListItem\",\"position\":2,\"name\":\"Nos options de livraison\"}]},{\"@type\":\"WebSite\",\"@id\":\"https:\/\/proshop.epsimec.dev\/fr\/#website\",\"url\":\"https:\/\/proshop.epsimec.dev\/fr\/\",\"name\":\"Proshop - JELD-WEN\",\"description\":\"\",\"potentialAction\":[{\"@type\":\"SearchAction\",\"target\":{\"@type\":\"EntryPoint\",\"urlTemplate\":\"https:\/\/proshop.epsimec.dev\/fr\/?s={search_term_string}\"},\"query-input\":{\"@type\":\"PropertyValueSpecification\",\"valueRequired\":true,\"valueName\":\"search_term_string\"}}],\"inLanguage\":\"fr-FR\"}]}<\/script>\n<!-- \/ Yoast SEO plugin. -->","yoast_head_json":{"title":"Nos options de livraison - Proshop - JELD-WEN","robots":{"index":"noindex","follow":"follow","max-snippet":"max-snippet:-1","max-image-preview":"max-image-preview:large","max-video-preview":"max-video-preview:-1"},"og_locale":"fr_FR","og_type":"article","og_title":"Nos options de livraison - Proshop - JELD-WEN","og_url":"https:\/\/proshop.epsimec.dev\/fr\/nos-options-de-livraison\/","og_site_name":"Proshop - JELD-WEN","article_modified_time":"2026-01-21T13:11:04+00:00","twitter_card":"summary_large_image","schema":{"@context":"https:\/\/schema.org","@graph":[{"@type":"WebPage","@id":"https:\/\/proshop.epsimec.dev\/fr\/nos-options-de-livraison\/","url":"https:\/\/proshop.epsimec.dev\/fr\/nos-options-de-livraison\/","name":"Nos options de livraison - Proshop - JELD-WEN","isPartOf":{"@id":"https:\/\/proshop.epsimec.dev\/fr\/#website"},"datePublished":"2025-11-18T15:39:32+00:00","dateModified":"2026-01-21T13:11:04+00:00","breadcrumb":{"@id":"https:\/\/proshop.epsimec.dev\/fr\/nos-options-de-livraison\/#breadcrumb"},"inLanguage":"fr-FR","potentialAction":[{"@type":"ReadAction","target":["https:\/\/proshop.epsimec.dev\/fr\/nos-options-de-livraison\/"]}]},{"@type":"BreadcrumbList","@id":"https:\/\/proshop.epsimec.dev\/fr\/nos-options-de-livraison\/#breadcrumb","itemListElement":[{"@type":"ListItem","position":1,"name":"Home","item":"https:\/\/proshop.epsimec.dev\/fr\/"},{"@type":"ListItem","position":2,"name":"Nos options de livraison"}]},{"@type":"WebSite","@id":"https:\/\/proshop.epsimec.dev\/fr\/#website","url":"https:\/\/proshop.epsimec.dev\/fr\/","name":"Proshop - JELD-WEN","description":"","potentialAction":[{"@type":"SearchAction","target":{"@type":"EntryPoint","urlTemplate":"https:\/\/proshop.epsimec.dev\/fr\/?s={search_term_string}"},"query-input":{"@type":"PropertyValueSpecification","valueRequired":true,"valueName":"search_term_string"}}],"inLanguage":"fr-FR"}]}},"_links":{"self":[{"href":"https:\/\/proshop.epsimec.dev\/fr\/wp-json\/wp\/v2\/pages\/3568","targetHints":{"allow":["GET"]}}],"collection":[{"href":"https:\/\/proshop.epsimec.dev\/fr\/wp-json\/wp\/v2\/pages"}],"about":[{"href":"https:\/\/proshop.epsimec.dev\/fr\/wp-json\/wp\/v2\/types\/page"}],"author":[{"embeddable":true,"href":"https:\/\/proshop.epsimec.dev\/fr\/wp-json\/wp\/v2\/users\/1"}],"replies":[{"embeddable":true,"href":"https:\/\/proshop.epsimec.dev\/fr\/wp-json\/wp\/v2\/comments?post=3568"}],"version-history":[{"count":1,"href":"https:\/\/proshop.epsimec.dev\/fr\/wp-json\/wp\/v2\/pages\/3568\/revisions"}],"predecessor-version":[{"id":3570,"href":"https:\/\/proshop.epsimec.dev\/fr\/wp-json\/wp\/v2\/pages\/3568\/revisions\/3570"}],"wp:attachment":[{"href":"https:\/\/proshop.epsimec.dev\/fr\/wp-json\/wp\/v2\/media?parent=3568"}],"curies":[{"name":"wp","href":"https:\/\/api.w.org\/{rel}","templated":true}]}}