{"id":3572,"date":"2025-11-18T16:44:49","date_gmt":"2025-11-18T15:44:49","guid":{"rendered":"https:\/\/proshop.epsimec.dev\/nachhaltigkeit-und-wohngesundheit\/"},"modified":"2026-01-21T14:27:59","modified_gmt":"2026-01-21T13:27:59","slug":"durabilite-et-sante-de-lhabitat","status":"publish","type":"page","link":"https:\/\/proshop.epsimec.dev\/fr\/durabilite-et-sante-de-lhabitat\/","title":{"rendered":"Durabilit\u00e9 et sant\u00e8 de l&rsquo;habitat"},"content":{"rendered":"<div id=\"ep-block-spacer-block_3a838f1039b722182fdfef2af03b5b96\" class=\"ep-block-spacer ep-block \">\n            <section  class=\"show-frontend  \">\n                        <style>\n                #ep-spacer-7TZrs {\n                    height: 100px;\n                }\n\n                @media (max-width: 767px) {\n                    #ep-spacer-7TZrs {\n                        height: 40px;\n                    }\n                }\n\n                @media (min-width: 768px) and (max-width: 1023px) {\n                    #ep-spacer-7TZrs {\n                        height: 60px;\n                    }\n                }\n            <\/style>\n            <div id=\"ep-spacer-7TZrs\"><\/div>\n        <\/section>\n    <\/div>\n\n<div id=\"ep-title-text-block_9426c32a00872a40e9f1dd3ee25e25ad\" class=\"ep-title-text ep-block \">\n            <div class=\"show-frontend\">\n            <div class=\"inner alignment-left\">\n                                    <h1 class=\"title\">Qualit\u00e9, responsabilit\u00e9<br \/>\r\net s\u00e9curit\u00e9<\/h1>\n                                                    <div class=\"text\">\n                        <h2>Par amour de la nature<\/h2>\n<p>Le bois est un mat\u00e9riau naturel qui a souvent plus de 100 ans d\u2019histoire lorsqu\u2019il est travaill\u00e9. C\u2019est pourquoi la gestion respectueuse et \u00e9conomique de cette mati\u00e8re premi\u00e8re pr\u00e9cieuse nous tient particuli\u00e8rement \u00e0 c\u0153ur. Nous nous conformons volontairement \u00e0 des directives plus strictes que celles qui sont pr\u00e9vues en Suisse. Nous n\u2019achetons que des mat\u00e9riaux \u00e0 base de bois issus d\u2019une gestion foresti\u00e8re durable et socialement responsable provenant de fournisseurs qui partagent notre engagement en faveur de pratiques durables et prouvent qu\u2019ils poss\u00e8dent les certifications correspondantes. Dans le cadre du traitement, de la production et de la logistique, nous veillons tout particuli\u00e8rement \u00e0 utiliser des produits soumis \u00e0 des tests d\u2019\u00e9mission et pr\u00e9sentant les meilleures performances environnementales. Nous mettons \u00e9galement en \u0153uvre des mesures cibl\u00e9es pour r\u00e9duire les \u00e9missions de CO2 et optimiser l\u2019efficacit\u00e9 \u00e9nerg\u00e9tique.<\/p>\n\n                    <\/div>\n                            <\/div>\n        <\/div>\n    <\/div>\n\n\n<div id=\"ep-block-spacer-block_3a838f1039b722182fdfef2af03b5b96\" class=\"ep-block-spacer ep-block \">\n            <section  class=\"show-frontend  \">\n                        <style>\n                #ep-spacer-vzqX9 {\n                    height: 100px;\n                }\n\n                @media (max-width: 767px) {\n                    #ep-spacer-vzqX9 {\n                        height: 40px;\n                    }\n                }\n\n                @media (min-width: 768px) and (max-width: 1023px) {\n                    #ep-spacer-vzqX9 {\n                        height: 60px;\n                    }\n                }\n            <\/style>\n            <div id=\"ep-spacer-vzqX9\"><\/div>\n        <\/section>\n    <\/div>\n\n<div id=\"ep-title-text-block_6b3b055cca38387f5260d67c6a355707\" class=\"ep-title-text ep-block \">\n            <div class=\"show-frontend\">\n            <div class=\"inner alignment-left\">\n                                    <h2 class=\"title\">DURABILIT\u00c9<\/h2>\n                                                    <div class=\"text\">\n                        <p>Depuis toujours, JELD-WEN accorde une grande importance \u00e0 la protection des personnes et de l&rsquo;environnement. Notre entreprise repose sur une base solide et durable : le bois. En effet, le bois est l&rsquo;un des rares mat\u00e9riaux enti\u00e8rement recyclables.<\/p>\n<p>Par rapport aux mat\u00e9riaux artificiels, le bois peut \u00eatre utilis\u00e9 avec une consommation d&rsquo;\u00e9nergie et des \u00e9missions de CO2 r\u00e9duites. Nous nous engageons \u00e0 utiliser exclusivement des ressources en bois renouvelables et \u00e0 travailler avec des fournisseurs qui peuvent justifier des certifications correspondantes. Dans le cadre de notre \u00ab Preferred Supplier Program \u00bb, nous s\u00e9lectionnons des partenaires qui partagent notre engagement en faveur de pratiques durables.<\/p>\n<p>Mais chez JELD-WEN, la responsabilit\u00e9 environnementale va encore plus loin. Nous fabriquons nos produits selon des directives environnementales strictes qui vont bien au-del\u00e0 des exigences l\u00e9gales.<\/p>\n\n                    <\/div>\n                            <\/div>\n        <\/div>\n    <\/div>\n\n\n<div id=\"ep-block-spacer-block_4b32a523ebad9bc0d957dd0af9eaa765\" class=\"ep-block-spacer ep-block \">\n            <section  class=\"show-frontend  \">\n                        <style>\n                #ep-spacer-uUQUP {\n                    height: 95px;\n                }\n\n                @media (max-width: 767px) {\n                    #ep-spacer-uUQUP {\n                        height: 20px;\n                    }\n                }\n\n                @media (min-width: 768px) and (max-width: 1023px) {\n                    #ep-spacer-uUQUP {\n                        height: 30px;\n                    }\n                }\n            <\/style>\n            <div id=\"ep-spacer-uUQUP\"><\/div>\n        <\/section>\n    <\/div>\n\n<div id=\"ep-block-spacer-block_4b32a523ebad9bc0d957dd0af9eaa765\" class=\"ep-block-spacer ep-block \">\n            <section  class=\"show-frontend  \">\n                        <style>\n                #ep-spacer-LAKIm {\n                    height: 95px;\n                }\n\n                @media (max-width: 767px) {\n                    #ep-spacer-LAKIm {\n                        height: 20px;\n                    }\n                }\n\n                @media (min-width: 768px) and (max-width: 1023px) {\n                    #ep-spacer-LAKIm {\n                        height: 30px;\n                    }\n                }\n            <\/style>\n            <div id=\"ep-spacer-LAKIm\"><\/div>\n        <\/section>\n    <\/div>\n\n\n<div class=\"wp-block-columns is-layout-flex wp-container-core-columns-is-layout-9d6595d7 wp-block-columns-is-layout-flex\">\n<div class=\"wp-block-column is-layout-flow wp-block-column-is-layout-flow\" style=\"flex-basis:60%\"><div id=\"ep-title-text-block_2d4b30d8fb52faf3909ca56e27a1c1d1\" class=\"ep-title-text ep-block \">\n            <div class=\"show-frontend\">\n            <div class=\"inner alignment-left\">\n                                    <h2 class=\"title\">RESPONSABILIT\u00c9 ENVIRONNEMENTALE CERTIFI\u00c9E<\/h2>\n                                                    <div class=\"text\">\n                        <p>L&rsquo;ensemble de la gamme de produits fabriqu\u00e9s en Suisse (KELLPAX) est certifi\u00e9 PEFC\u2122 (Programme<br \/>\nfor the Endorsement of Forest Certification Schemes). Outre notre site de production suisse, plusieurs de nos sites de production en Europe sont \u00e9galement certifi\u00e9s PEFC\u2122. JELD-WEN Europe est certifi\u00e9 FSC\u00ae (Forest Stewardship Council\u00ae).<\/p>\n<p>Nos collaborateurs du service interne se feront un plaisir de vous informer sur l&rsquo;\u00e9tat actuel de la certification de nos produits selon FSC\u00ae ou PEFC\u2122.<br \/>\nPour en savoir plus sur nos produits certifi\u00e9s, rendez-vous sur Pour en savoir plus sur nos produits certifi\u00e9s, rendez-vous sur<br \/>\n<a href=\"https:\/\/www.jeld-wen.ch\/featured_item\/nachhaltigkeit-und-wohngesundheit\/\" target=\"_blank\" rel=\"noopener\">www.jeld-wen.ch<\/a>.<\/p>\n\n                    <\/div>\n                            <\/div>\n        <\/div>\n    <\/div>\n<\/div>\n\n\n\n<div class=\"wp-block-column is-layout-flow wp-block-column-is-layout-flow\" style=\"flex-basis:15%\">\n<figure class=\"wp-block-image size-full\"><img loading=\"lazy\" decoding=\"async\" width=\"450\" height=\"750\" src=\"https:\/\/proshop.epsimec.dev\/wp-content\/uploads\/2025\/11\/pefc-logo.jpg\" alt=\"\" class=\"wp-image-1637\" srcset=\"https:\/\/proshop.epsimec.dev\/wp-content\/uploads\/2025\/11\/pefc-logo.jpg 450w, https:\/\/proshop.epsimec.dev\/wp-content\/uploads\/2025\/11\/pefc-logo-250x417.jpg 250w, https:\/\/proshop.epsimec.dev\/wp-content\/uploads\/2025\/11\/pefc-logo-120x200.jpg 120w\" sizes=\"auto, (max-width: 450px) 100vw, 450px\" \/><\/figure>\n<\/div>\n\n\n\n<div class=\"wp-block-column is-layout-flow wp-block-column-is-layout-flow\" style=\"flex-basis:15%\">\n<figure class=\"wp-block-image size-full\"><img loading=\"lazy\" decoding=\"async\" width=\"450\" height=\"750\" src=\"https:\/\/proshop.epsimec.dev\/wp-content\/uploads\/2025\/11\/fsc-logo.jpg\" alt=\"\" class=\"wp-image-1639\" srcset=\"https:\/\/proshop.epsimec.dev\/wp-content\/uploads\/2025\/11\/fsc-logo.jpg 450w, https:\/\/proshop.epsimec.dev\/wp-content\/uploads\/2025\/11\/fsc-logo-250x417.jpg 250w, https:\/\/proshop.epsimec.dev\/wp-content\/uploads\/2025\/11\/fsc-logo-120x200.jpg 120w\" sizes=\"auto, (max-width: 450px) 100vw, 450px\" \/><\/figure>\n<\/div>\n<\/div>\n\n\n<div id=\"ep-block-spacer-block_4b32a523ebad9bc0d957dd0af9eaa765\" class=\"ep-block-spacer ep-block \">\n            <section  class=\"show-frontend  \">\n                        <style>\n                #ep-spacer-xJQk4 {\n                    height: 95px;\n                }\n\n                @media (max-width: 767px) {\n                    #ep-spacer-xJQk4 {\n                        height: 20px;\n                    }\n                }\n\n                @media (min-width: 768px) and (max-width: 1023px) {\n                    #ep-spacer-xJQk4 {\n                        height: 30px;\n                    }\n                }\n            <\/style>\n            <div id=\"ep-spacer-xJQk4\"><\/div>\n        <\/section>\n    <\/div>\n\n<div id=\"ep-title-text-block_f051014c2178a685f7435c617b395e1a\" class=\"ep-title-text ep-block \">\n            <div class=\"show-frontend\">\n            <div class=\"inner alignment-left\">\n                                    <h2 class=\"title\">D\u00e9clarations de performance<\/h2>\n                                                    <div class=\"text\">\n                        <p>Conform\u00e9ment \u00e0 la l\u00e9gislation f\u00e9d\u00e9rale sur les produits de construction, le fabricant\/distributeur de produits de construction est tenu, depuis<br \/>\nle 1er juillet 2015, de fournir une d\u00e9claration de performance pour les produits qu&rsquo;il livre. Pour les portes ext\u00e9rieures sans propri\u00e9t\u00e9s en mati\u00e8re de protection contre l&rsquo;incendie et\/ou d&rsquo;\u00e9tanch\u00e9it\u00e9 \u00e0 la fum\u00e9e, la d\u00e9claration de performance correspondante se r\u00e9f\u00e8re \u00e0 la norme harmonis\u00e9e SN Sur www.jeld-wen.ch ou<br \/>\nwww.leistungserkl\u00e4rungen-t\u00fcren.ch, vous pouvez cr\u00e9er et t\u00e9l\u00e9charger une<br \/>\nd\u00e9claration de performance pour votre \u00e9l\u00e9ment de porte ext\u00e9rieure fabriqu\u00e9 sur mesure.<\/p>\n<p>Pour les portes ext\u00e9rieures avec protection incendie, la r\u00e8gle suivante s&rsquo;applique : conform\u00e9ment \u00e0 la loi sur les produits de construction SN EN 16034 \/ SN EN 14351-1, l&rsquo;ancienne plaquette AEAI est d\u00e9sormais remplac\u00e9e par une d\u00e9claration de performance (DP). La DP confirme que le produit a \u00e9t\u00e9 test\u00e9, entre autres, pour la protection incendie (EI30). Pour obtenir une DP, inscrivez-vous sur<br \/>\nwww.brandschutzverordnung.jeld-wen.ch ou informez-vous sur la WPK \u00e0 l&rsquo;adresse <a href=\"https:\/\/www.aeaip.ch\/fr\/wpk\">https:\/\/www.aeaip.ch\/fr\/wpk<\/a>. Pour obtenir une DP, inscrivez-vous sur le site<br \/>\nwww.brandschutzverordnung.jeld-wen.ch ou informez-vous sur la WPK sur le site <a href=\"https:\/\/www.sipiz.ch\/de\/\" target=\"_blank\" rel=\"noopener\">www.sipiz.ch\/de\/<\/a>.<\/p>\n\n                    <\/div>\n                            <\/div>\n        <\/div>\n    <\/div>\n\n\n<div id=\"ep-block-spacer-block_4b32a523ebad9bc0d957dd0af9eaa765\" class=\"ep-block-spacer ep-block \">\n            <section  class=\"show-frontend  \">\n                        <style>\n                #ep-spacer-0knND {\n                    height: 95px;\n                }\n\n                @media (max-width: 767px) {\n                    #ep-spacer-0knND {\n                        height: 20px;\n                    }\n                }\n\n                @media (min-width: 768px) and (max-width: 1023px) {\n                    #ep-spacer-0knND {\n                        height: 30px;\n                    }\n                }\n            <\/style>\n            <div id=\"ep-spacer-0knND\"><\/div>\n        <\/section>\n    <\/div>\n\n<div id=\"ep-title-text-block_fc1cca659753615096d83a1204d8bde5\" class=\"ep-title-text ep-block \">\n            <div class=\"show-frontend\">\n            <div class=\"inner alignment-left\">\n                                    <h2 class=\"title\">D\u00c9CLARATIONS DE PERFORMANCES<\/h2>\n                                                    <div class=\"text\">\n                        <p>Conform\u00e9ment \u00e0 la l\u00e9gislation f\u00e9d\u00e9rale sur les produits de construction, le fabricant\/distributeur de produits de construction est tenu, depuis<br \/>\nle 1er juillet 2015, de fournir une d\u00e9claration de performance pour les produits qu&rsquo;il livre. Pour les portes ext\u00e9rieures sans propri\u00e9t\u00e9s en mati\u00e8re de protection contre l&rsquo;incendie et\/ou d&rsquo;\u00e9tanch\u00e9it\u00e9 \u00e0 la fum\u00e9e, la d\u00e9claration de performance correspondante se r\u00e9f\u00e8re \u00e0 la norme harmonis\u00e9e SN Sur www.jeld-wen.ch ou<br \/>\nwww.leistungserkl\u00e4rungen-t\u00fcren.ch, vous pouvez cr\u00e9er et t\u00e9l\u00e9charger une<br \/>\nd\u00e9claration de performance pour votre \u00e9l\u00e9ment de porte ext\u00e9rieure fabriqu\u00e9 sur mesure.<\/p>\n<p>Pour les portes ext\u00e9rieures avec protection incendie, la r\u00e8gle suivante s&rsquo;applique : conform\u00e9ment \u00e0 la loi sur les produits de construction SN EN 16034 \/ SN EN 14351-1, l&rsquo;ancienne plaquette AEAI est d\u00e9sormais remplac\u00e9e par une d\u00e9claration de performance (DP). La DP confirme que le produit a \u00e9t\u00e9 test\u00e9, entre autres, pour la protection incendie (EI30). Pour obtenir une DP, inscrivez-vous sur<br \/>\nwww.brandschutzverordnung.jeld-wen.ch ou informez-vous sur la WPK \u00e0 l&rsquo;adresse <a href=\"https:\/\/www.aap.ch\/fr\/wpk\">https:\/\/www.aap.ch\/fr\/wpk<\/a>. Pour obtenir une DP, inscrivez-vous sur le site<br \/>\nwww.brandschutzverordnung.jeld-wen.ch ou informez-vous sur la WPK sur le site <a href=\"https:\/\/www.sipiz.ch\/de\/\" target=\"_blank\" rel=\"noopener\">www.sipiz.ch\/de\/<\/a>.<\/p>\n\n                    <\/div>\n                            <\/div>\n        <\/div>\n    <\/div>\n","protected":false},"excerpt":{"rendered":"","protected":false},"author":1,"featured_media":0,"parent":0,"menu_order":0,"comment_status":"closed","ping_status":"closed","template":"","meta":{"_acf_changed":false,"footnotes":""},"class_list":["post-3572","page","type-page","status-publish","hentry"],"acf":[],"yoast_head":"<!-- This site is optimized with the Yoast SEO plugin v26.3 - https:\/\/yoast.com\/wordpress\/plugins\/seo\/ -->\n<title>Durabilit\u00e9 et sant\u00e8 de l&#039;habitat - Proshop - JELD-WEN<\/title>\n<meta name=\"robots\" content=\"noindex, follow, max-snippet:-1, max-image-preview:large, max-video-preview:-1\" \/>\n<meta property=\"og:locale\" content=\"fr_FR\" \/>\n<meta property=\"og:type\" content=\"article\" \/>\n<meta property=\"og:title\" content=\"Durabilit\u00e9 et sant\u00e8 de l&#039;habitat - Proshop - JELD-WEN\" \/>\n<meta property=\"og:url\" content=\"https:\/\/proshop.epsimec.dev\/fr\/durabilite-et-sante-de-lhabitat\/\" \/>\n<meta property=\"og:site_name\" content=\"Proshop - JELD-WEN\" \/>\n<meta property=\"article:modified_time\" content=\"2026-01-21T13:27:59+00:00\" \/>\n<meta property=\"og:image\" content=\"https:\/\/proshop.epsimec.dev\/wp-content\/uploads\/2025\/11\/pefc-logo.jpg\" \/>\n\t<meta property=\"og:image:width\" content=\"450\" \/>\n\t<meta property=\"og:image:height\" content=\"750\" \/>\n\t<meta property=\"og:image:type\" content=\"image\/jpeg\" \/>\n<meta name=\"twitter:card\" content=\"summary_large_image\" \/>\n<meta name=\"twitter:label1\" content=\"Dur\u00e9e de lecture estim\u00e9e\" \/>\n\t<meta name=\"twitter:data1\" content=\"1 minute\" \/>\n<script type=\"application\/ld+json\" class=\"yoast-schema-graph\">{\"@context\":\"https:\/\/schema.org\",\"@graph\":[{\"@type\":\"WebPage\",\"@id\":\"https:\/\/proshop.epsimec.dev\/fr\/durabilite-et-sante-de-lhabitat\/\",\"url\":\"https:\/\/proshop.epsimec.dev\/fr\/durabilite-et-sante-de-lhabitat\/\",\"name\":\"Durabilit\u00e9 et sant\u00e8 de l'habitat - Proshop - JELD-WEN\",\"isPartOf\":{\"@id\":\"https:\/\/proshop.epsimec.dev\/fr\/#website\"},\"primaryImageOfPage\":{\"@id\":\"https:\/\/proshop.epsimec.dev\/fr\/durabilite-et-sante-de-lhabitat\/#primaryimage\"},\"image\":{\"@id\":\"https:\/\/proshop.epsimec.dev\/fr\/durabilite-et-sante-de-lhabitat\/#primaryimage\"},\"thumbnailUrl\":\"https:\/\/proshop.epsimec.dev\/wp-content\/uploads\/2025\/11\/pefc-logo.jpg\",\"datePublished\":\"2025-11-18T15:44:49+00:00\",\"dateModified\":\"2026-01-21T13:27:59+00:00\",\"breadcrumb\":{\"@id\":\"https:\/\/proshop.epsimec.dev\/fr\/durabilite-et-sante-de-lhabitat\/#breadcrumb\"},\"inLanguage\":\"fr-FR\",\"potentialAction\":[{\"@type\":\"ReadAction\",\"target\":[\"https:\/\/proshop.epsimec.dev\/fr\/durabilite-et-sante-de-lhabitat\/\"]}]},{\"@type\":\"ImageObject\",\"inLanguage\":\"fr-FR\",\"@id\":\"https:\/\/proshop.epsimec.dev\/fr\/durabilite-et-sante-de-lhabitat\/#primaryimage\",\"url\":\"https:\/\/proshop.epsimec.dev\/wp-content\/uploads\/2025\/11\/pefc-logo.jpg\",\"contentUrl\":\"https:\/\/proshop.epsimec.dev\/wp-content\/uploads\/2025\/11\/pefc-logo.jpg\"},{\"@type\":\"BreadcrumbList\",\"@id\":\"https:\/\/proshop.epsimec.dev\/fr\/durabilite-et-sante-de-lhabitat\/#breadcrumb\",\"itemListElement\":[{\"@type\":\"ListItem\",\"position\":1,\"name\":\"Home\",\"item\":\"https:\/\/proshop.epsimec.dev\/fr\/\"},{\"@type\":\"ListItem\",\"position\":2,\"name\":\"Durabilit\u00e9 et sant\u00e8 de l&#8217;habitat\"}]},{\"@type\":\"WebSite\",\"@id\":\"https:\/\/proshop.epsimec.dev\/fr\/#website\",\"url\":\"https:\/\/proshop.epsimec.dev\/fr\/\",\"name\":\"Proshop - JELD-WEN\",\"description\":\"\",\"potentialAction\":[{\"@type\":\"SearchAction\",\"target\":{\"@type\":\"EntryPoint\",\"urlTemplate\":\"https:\/\/proshop.epsimec.dev\/fr\/?s={search_term_string}\"},\"query-input\":{\"@type\":\"PropertyValueSpecification\",\"valueRequired\":true,\"valueName\":\"search_term_string\"}}],\"inLanguage\":\"fr-FR\"}]}<\/script>\n<!-- \/ Yoast SEO plugin. -->","yoast_head_json":{"title":"Durabilit\u00e9 et sant\u00e8 de l'habitat - Proshop - JELD-WEN","robots":{"index":"noindex","follow":"follow","max-snippet":"max-snippet:-1","max-image-preview":"max-image-preview:large","max-video-preview":"max-video-preview:-1"},"og_locale":"fr_FR","og_type":"article","og_title":"Durabilit\u00e9 et sant\u00e8 de l'habitat - Proshop - JELD-WEN","og_url":"https:\/\/proshop.epsimec.dev\/fr\/durabilite-et-sante-de-lhabitat\/","og_site_name":"Proshop - JELD-WEN","article_modified_time":"2026-01-21T13:27:59+00:00","og_image":[{"width":450,"height":750,"url":"https:\/\/proshop.epsimec.dev\/wp-content\/uploads\/2025\/11\/pefc-logo.jpg","type":"image\/jpeg"}],"twitter_card":"summary_large_image","twitter_misc":{"Dur\u00e9e de lecture estim\u00e9e":"1 minute"},"schema":{"@context":"https:\/\/schema.org","@graph":[{"@type":"WebPage","@id":"https:\/\/proshop.epsimec.dev\/fr\/durabilite-et-sante-de-lhabitat\/","url":"https:\/\/proshop.epsimec.dev\/fr\/durabilite-et-sante-de-lhabitat\/","name":"Durabilit\u00e9 et sant\u00e8 de l'habitat - Proshop - JELD-WEN","isPartOf":{"@id":"https:\/\/proshop.epsimec.dev\/fr\/#website"},"primaryImageOfPage":{"@id":"https:\/\/proshop.epsimec.dev\/fr\/durabilite-et-sante-de-lhabitat\/#primaryimage"},"image":{"@id":"https:\/\/proshop.epsimec.dev\/fr\/durabilite-et-sante-de-lhabitat\/#primaryimage"},"thumbnailUrl":"https:\/\/proshop.epsimec.dev\/wp-content\/uploads\/2025\/11\/pefc-logo.jpg","datePublished":"2025-11-18T15:44:49+00:00","dateModified":"2026-01-21T13:27:59+00:00","breadcrumb":{"@id":"https:\/\/proshop.epsimec.dev\/fr\/durabilite-et-sante-de-lhabitat\/#breadcrumb"},"inLanguage":"fr-FR","potentialAction":[{"@type":"ReadAction","target":["https:\/\/proshop.epsimec.dev\/fr\/durabilite-et-sante-de-lhabitat\/"]}]},{"@type":"ImageObject","inLanguage":"fr-FR","@id":"https:\/\/proshop.epsimec.dev\/fr\/durabilite-et-sante-de-lhabitat\/#primaryimage","url":"https:\/\/proshop.epsimec.dev\/wp-content\/uploads\/2025\/11\/pefc-logo.jpg","contentUrl":"https:\/\/proshop.epsimec.dev\/wp-content\/uploads\/2025\/11\/pefc-logo.jpg"},{"@type":"BreadcrumbList","@id":"https:\/\/proshop.epsimec.dev\/fr\/durabilite-et-sante-de-lhabitat\/#breadcrumb","itemListElement":[{"@type":"ListItem","position":1,"name":"Home","item":"https:\/\/proshop.epsimec.dev\/fr\/"},{"@type":"ListItem","position":2,"name":"Durabilit\u00e9 et sant\u00e8 de l&#8217;habitat"}]},{"@type":"WebSite","@id":"https:\/\/proshop.epsimec.dev\/fr\/#website","url":"https:\/\/proshop.epsimec.dev\/fr\/","name":"Proshop - JELD-WEN","description":"","potentialAction":[{"@type":"SearchAction","target":{"@type":"EntryPoint","urlTemplate":"https:\/\/proshop.epsimec.dev\/fr\/?s={search_term_string}"},"query-input":{"@type":"PropertyValueSpecification","valueRequired":true,"valueName":"search_term_string"}}],"inLanguage":"fr-FR"}]}},"_links":{"self":[{"href":"https:\/\/proshop.epsimec.dev\/fr\/wp-json\/wp\/v2\/pages\/3572","targetHints":{"allow":["GET"]}}],"collection":[{"href":"https:\/\/proshop.epsimec.dev\/fr\/wp-json\/wp\/v2\/pages"}],"about":[{"href":"https:\/\/proshop.epsimec.dev\/fr\/wp-json\/wp\/v2\/types\/page"}],"author":[{"embeddable":true,"href":"https:\/\/proshop.epsimec.dev\/fr\/wp-json\/wp\/v2\/users\/1"}],"replies":[{"embeddable":true,"href":"https:\/\/proshop.epsimec.dev\/fr\/wp-json\/wp\/v2\/comments?post=3572"}],"version-history":[{"count":2,"href":"https:\/\/proshop.epsimec.dev\/fr\/wp-json\/wp\/v2\/pages\/3572\/revisions"}],"predecessor-version":[{"id":3576,"href":"https:\/\/proshop.epsimec.dev\/fr\/wp-json\/wp\/v2\/pages\/3572\/revisions\/3576"}],"wp:attachment":[{"href":"https:\/\/proshop.epsimec.dev\/fr\/wp-json\/wp\/v2\/media?parent=3572"}],"curies":[{"name":"wp","href":"https:\/\/api.w.org\/{rel}","templated":true}]}}