{"id":3583,"date":"2025-02-11T14:41:35","date_gmt":"2025-02-11T13:41:35","guid":{"rendered":"https:\/\/proshop.epsimec.dev\/datenschutzerklaerung\/"},"modified":"2026-01-21T14:36:52","modified_gmt":"2026-01-21T13:36:52","slug":"protection-des-donnees","status":"publish","type":"page","link":"https:\/\/proshop.epsimec.dev\/fr\/protection-des-donnees\/","title":{"rendered":"Protection des donn\u00e9es"},"content":{"rendered":"<div id=\"ep-title-text-block_215c13dd8440ce7531f3cd3ddd657266\" class=\"ep-title-text ep-block \">\n            <div class=\"show-frontend\">\n            <div class=\"inner alignment-left\">\n                                    <h1 class=\"title\">Politique de confidentialit\u00e9<\/h1>\n                                            <\/div>\n        <\/div>\n    <\/div>\n\n\n<div id=\"ep-block-spacer-block_0691c1accf1bad238a55ea3d1fdc4953\" class=\"ep-block-spacer ep-block \">\n            <section  class=\"show-frontend  \">\n                        <style>\n                #ep-spacer-wa9M2 {\n                    height: 100px;\n                }\n\n                @media (max-width: 767px) {\n                    #ep-spacer-wa9M2 {\n                        height: 40px;\n                    }\n                }\n\n                @media (min-width: 768px) and (max-width: 1023px) {\n                    #ep-spacer-wa9M2 {\n                        height: 60px;\n                    }\n                }\n            <\/style>\n            <div id=\"ep-spacer-wa9M2\"><\/div>\n        <\/section>\n    <\/div>\n\n<div id=\"ep-wysiwyg-block_7f047009b0ff485493e709e29fd117c6\" class=\"ep-wysiwyg ep-block \">\n                        <section class=\"show-frontend\">\n                <div class=\"ep-inner\">\n                    <h2>JELD-WEN Europe Ltd s\u2019engage \u00e0 prot\u00e9ger et \u00e0 respecter votre vie priv\u00e9e.<\/h2>\n<p>La pr\u00e9sente politique et tous les autres documents auxquels elle fait r\u00e9f\u00e9rence constituent la base de notre traitement des donn\u00e9es personnelles que nous recueillons aupr\u00e8s de vous ou que vous nous fournissez. Veuillez lire attentivement les informations suivantes pour comprendre nos conceptions et nos pratiques concernant vos donn\u00e9es personnelles et leur traitement.<\/p>\n<p>Le terme \u201cnous\u201d comprend JELD-WEN Holding, Inc, JELD-WEN Europe, JELD-WEN T\u00fcren GmbH, JELD-WEN Sverige AB, JELD-WEN Deutschland GmbH &amp; Co. KG, JELD-WEN Suomi Oy, JELD-WEN UK Limited, JELD-WEN France SAS, JELD-WEN Danmark A\/S, JELD-WEN Norge AS JELD-WEN Suisse SA, Mattiovi Oy, Domoferm GmbH &amp; Co KG, BOS GmbH, BBE Domoferm GmbH, HSE spol s.r.o, Domoferm Export GmbH et leurs filiales.<\/p>\n<h3>Informations que nous pourrions recueillir \u00e0 votre sujet<\/h3>\n<p>Nous pourrions recueillir et traiter les donn\u00e9es suivantes vous concernant :<\/p>\n<ul>\n<li>Les informations que vous nous fournissez en remplissant des formulaires sur nos sites web. Cela inclut les informations fournies au moment de l\u2019enregistrement pour l\u2019utilisation de notre site, lors de l\u2019abonnement \u00e0 notre service ou lors de la demande de services suppl\u00e9mentaires. Nous pourrions \u00e9galement vous demander des renseignements si vous souhaitez participer \u00e0 un concours ou \u00e0 une promotion parrain\u00e9s par nous ou par l\u2019une des soci\u00e9t\u00e9s de notre groupe ou si vous signalez un probl\u00e8me avec notre site web.<\/li>\n<li>Si vous nous contactez, nous pourrions enregistrer cette correspondance.<\/li>\n<li>Nous pouvons \u00e9galement vous demander de r\u00e9pondre \u00e0 des sondages que nous utilisons \u00e0 des fins de recherche, mais vous n\u2019\u00eates cependant pas tenu de participer \u00e0 de tels sondages.<\/li>\n<li>Les informations relatives \u00e0 votre visite sur notre site comprennent (mais sans s\u2019y limiter) les informations de connexion, les informations de localisation, les blogs et autres donn\u00e9es de communication, ainsi que les ressources auxquelles vous acc\u00e9dez.<\/li>\n<\/ul>\n<p>Nous ne partagerons pas vos donn\u00e9es personnelles avec des tiers sans votre consentement, \u00e0 moins que cela ne soit n\u00e9cessaire pour r\u00e9pondre \u00e0 vos demandes.<br \/>\nPour de plus amples renseignements sur la fa\u00e7on dont vos donn\u00e9es sont g\u00e9r\u00e9es et trait\u00e9es, veuillez contacter le responsable r\u00e9gional de la protection des donn\u00e9es de JELD-WEN sur <a href=\"mailto:DataProtectionJW@jeldwen.com\">DataProtectionJW@jeldwen.com<\/a>.<\/p>\n<h3>Adresses Ip<\/h3>\n<p>Nous pourrions recueillir des informations sur votre ordinateur, y compris (le cas \u00e9ch\u00e9ant) votre adresse IP, votre syst\u00e8me d\u2019exploitation et le type de navigateur que vous utilisez, \u00e0 des fins d\u2019administration du syst\u00e8me, pour communiquer des informations agr\u00e9g\u00e9es \u00e0 nos annonceurs et entreprises affili\u00e9es et pour contr\u00f4ler l\u2019utilisation de notre site. Il s\u2019agit l\u00e0 de donn\u00e9es statistiques sur les actions et les mod\u00e8les de navigation de nos utilisateurs, qui n\u2019identifient normalement pas les individus. Nous pouvons utiliser et utiliserons les adresses IP pour vous identifier si nous estimons que cela est n\u00e9cessaire pour assurer la conformit\u00e9 avec notre site web ou pour prot\u00e9ger notre service, notre site, nos clients ou d\u2019autres aspects ou personnes.<\/p>\n<h3>Cookies<\/h3>\n<p>Sur ce site, nous utilisons divers outils pour \u00e9valuer et analyser les informations sur les visites du site. \u00c0 cette fin, nous utilisons votre adresse IP (une s\u00e9rie de chiffres qui identifie un ordinateur sur Internet) pour recueillir des informations sur le trafic Internet et des donn\u00e9es concernant votre type de navigateur et votre ordinateur. Nous n\u2019utiliserons pas ces donn\u00e9es pour vous identifier personnellement.<\/p>\n<p>Des cookies sont \u00e9galement utilis\u00e9s. Un cookie est un petit fichier qui est stock\u00e9 sur votre ordinateur lorsque vous visitez un site web. Si vous vous connectez \u00e0 nouveau sur le site web, cette visite est reconnue comme une visite de retour \u00e0 l\u2019aide du cookie. Le cookie contient un num\u00e9ro unique et donc aucune donn\u00e9e personnelle. Nous n\u2019utiliserons pas le cookie pour vous identifier personnellement. Le cookie ne peut pas \u00eatre utilis\u00e9 pour vous identifier sur les sites web de tiers. Vous pouvez configurer votre navigateur web pour refuser ou supprimer les cookies, ou pour vous avertir lorsqu\u2019un cookie est activ\u00e9. Pour savoir comment proc\u00e9der, cliquez sur \u201cAide\u201d dans le menu de votre navigateur.<\/p>\n<p>Vous trouverez notre politique compl\u00e8te sur les cookies ici.<\/p>\n<h3>Lieu de stockage de vos donn\u00e9es personnelles<\/h3>\n<p>Les donn\u00e9es vous concernant que nous recueillons peuvent \u00eatre transf\u00e9r\u00e9es et stock\u00e9es en dehors de l\u2019Espace \u00e9conomique europ\u00e9en (EEE). Elles peuvent \u00e9galement \u00eatre trait\u00e9es par des employ\u00e9s travaillant pour nous ou pour l\u2019un de nos fournisseurs en dehors de l\u2019EEE. Ces employ\u00e9s peuvent \u00eatre impliqu\u00e9s dans l\u2019ex\u00e9cution de votre commande et la fourniture de services de soutien, par exemple. En transmettant vos donn\u00e9es personnelles, vous acceptez le transfert, le stockage ou le traitement de ces donn\u00e9es. Nous prendrons toutes les mesures n\u00e9cessaires pour nous assurer que vos renseignements personnels sont trait\u00e9s de fa\u00e7on s\u00fbre et conform\u00e9ment \u00e0 la pr\u00e9sente politique de confidentialit\u00e9.<\/p>\n<p>Toutes les informations que vous nous fournissez sont stock\u00e9es sur nos serveurs s\u00e9curis\u00e9s. Si nous vous avons fourni un mot de passe (ou si vous avez choisi un mot de passe) qui vous permet d\u2019acc\u00e9der \u00e0 certaines parties de notre site, vous \u00eates responsable de la confidentialit\u00e9 de ce mot de passe. Nous vous demandons de ne pas partager votre mot de passe avec d\u2019autres personnes.<\/p>\n<p>Malheureusement, la transmission d\u2019informations sur Internet n\u2019est pas enti\u00e8rement s\u00fbre. Bien que nous fassions de notre mieux pour prot\u00e9ger vos donn\u00e9es personnelles, nous ne pouvons pas garantir la s\u00e9curit\u00e9 des donn\u00e9es transmises \u00e0 notre site. Toute transmission se fait \u00e0 vos propres risques. Une fois que nous avons re\u00e7u vos informations, nous appliquons des proc\u00e9dures et des dispositifs de s\u00e9curit\u00e9 stricts pour emp\u00eacher tout acc\u00e8s non autoris\u00e9.<\/p>\n<h3>Mode d\u2019utilisation de vos informations<\/h3>\n<p>Nous utilisons les informations que nous avons sur vous comme suit :<\/p>\n<ul>\n<li>Pour garantir que le contenu de notre site soit affich\u00e9 de la mani\u00e8re la plus efficace pour vous et votre ordinateur.<\/li>\n<li>Pour vous fournir les informations, produits ou services que vous nous avez demand\u00e9s ou que vous avez command\u00e9s chez nous ou qui, selon nous, peuvent vous int\u00e9resser si vous avez consenti \u00e0 ce que nous vous contactions \u00e0 de telles fins.<\/li>\n<li>Si vous nous avez fourni votre adresse \u00e9lectronique ou votre num\u00e9ro de t\u00e9l\u00e9phone, nous pouvons d\u00e9cider de vous envoyer un courriel de suivi ou de vous appeler si vous avez accept\u00e9 que nous vous contactions \u00e0 cette fin.<\/li>\n<\/ul>\n<p>Si vous ne souhaitez pas que nous utilisions vos donn\u00e9es de cette mani\u00e8re ou que nous partagions vos donn\u00e9es avec des tiers \u00e0 des fins de marketing, veuillez cocher la case correspondante du formulaire que nous utilisons pour collecter vos donn\u00e9es.<\/p>\n<h3>Divulgation de vos donnees<\/h3>\n<p>Nous pouvons divulguer vos donn\u00e9es personnelles \u00e0 tout membre de notre groupe de soci\u00e9t\u00e9s, c\u2019est-\u00e0-dire \u00e0 nos filiales, \u00e0 la soci\u00e9t\u00e9 fa\u00eeti\u00e8re et \u00e0 ses filiales.<\/p>\n<p>Nous pouvons divulguer vos donn\u00e9es personnelles \u00e0 des tiers :<\/p>\n<ul>\n<li>Si nous acqu\u00e9rons ou c\u00e9dons un secteur d\u2019activit\u00e9s ou des actifs, auquel cas nous pouvons divulguer vos donn\u00e9es personnelles au futur acqu\u00e9reur ou vendeur de ce secteur d\u2019activit\u00e9s ou de ces actifs.<\/li>\n<li>Si une soci\u00e9t\u00e9 de JELD-WEN ou la quasi-totalit\u00e9 de ses actifs sont acquis par un tiers, lorsque toutes les donn\u00e9es personnelles que nous d\u00e9tenons en relation avec nos clients font partie des actifs transf\u00e9r\u00e9s.<\/li>\n<li>Si nous sommes oblig\u00e9s de divulguer ou d\u2019\u00e9changer vos donn\u00e9es personnelles pour remplir une obligation l\u00e9gale ou pour faire respecter ou appliquer d\u2019autres accords, ou pour prot\u00e9ger ou pr\u00e9server les droits, la propri\u00e9t\u00e9 ou la s\u00e9curit\u00e9 de JELD-WEN, de nos clients ou d\u2019autres personnes. Cela comprend l\u2019\u00e9change d\u2019informations avec d\u2019autres entreprises et organisations en vue de la protection contre la fraude et de la r\u00e9duction des risques de cr\u00e9dit.<\/li>\n<\/ul>\n<h3>Vos droits<\/h3>\n<p>Nous ne traiterons vos donn\u00e9es personnelles \u00e0 des fins de marketing que si vous avez donn\u00e9 votre consentement expr\u00e8s. Nous vous informerons (avant de collecter vos donn\u00e9es) si nous avons l\u2019intention d\u2019utiliser vos donn\u00e9es \u00e0 de telles fins ou si nous avons l\u2019intention de divulguer vos donn\u00e9es \u00e0 un tiers \u00e0 de telles fins. Vous pouvez exercer votre droit d\u2019emp\u00eacher une telle utilisation en cochant certaines cases sur les formulaires que nous utilisons pour recueillir vos donn\u00e9es. Vous pouvez \u00e9galement exercer ce droit \u00e0 tout moment en nous contactant \u00e0 l\u2019adresse <a href=\"mailto:DataProtectionJW@jeldwen.com\"><span id=\"eeb-722765-968476\">DataProtectionJW@jeldwen.com<\/span><\/a>.<\/p>\n<p>Notre site peut de temps \u00e0 autre contenir des liens vers ou \u00e0 partir des sites web de nos r\u00e9seaux de partenaires, annonceurs et soci\u00e9t\u00e9s affili\u00e9es. Si vous suivez un lien vers l\u2019un de ces sites web, veuillez noter que ces sites ont leur propre politique de confidentialit\u00e9 et que nous n\u2019assumons aucune responsabilit\u00e9 pour cette politique de confidentialit\u00e9. Veuillez lire cette politique avant de transmettre des donn\u00e9es \u00e0 ces sites web.<\/p>\n<h3>Acces aux donnees<\/h3>\n<p>Les lois applicables en mati\u00e8re de protection des donn\u00e9es vous accordent le droit d\u2019acc\u00e9der aux informations que nous d\u00e9tenons \u00e0 votre sujet. Vous pouvez exercer votre droit d\u2019acc\u00e8s conform\u00e9ment \u00e0 ces lois. Toute demande d\u2019acc\u00e8s peut \u00eatre soumise \u00e0 des frais, tel que sp\u00e9cifi\u00e9 dans les lois pertinentes, pour couvrir nos co\u00fbts li\u00e9s \u00e0 la fourniture des informations sur les donn\u00e9es personnelles que nous d\u00e9tenons \u00e0 votre sujet.<\/p>\n<h3>Modifications de notre politique de confidentialit\u00e9<\/h3>\n<p>Toute modification que nous apportons \u00e0 notre politique de confidentialit\u00e9 sera publi\u00e9e sur ce site.<\/p>\n<h3>Utilisation des sites web par les enfants<\/h3>\n<p>Nos sites web ne sont pas destin\u00e9s aux enfants de moins de 18 ans. De plus, nous n\u2019avons pas l\u2019intention d\u2019adresser des offres promotionnelles aux enfants. Si cela se produit par inadvertance, nous prendrons des mesures imm\u00e9diates d\u00e8s que nous serons inform\u00e9s de l\u2019\u00e2ge de l\u2019enfant concern\u00e9 afin de modifier nos dossiers et d\u2019emp\u00eacher que d\u2019autres offres de ce genre ne soient faites \u00e0 l\u2019avenir.<\/p>\n<h3>Contact<\/h3>\n<p>Les questions, commentaires et demandes concernant la pr\u00e9sente politique de confidentialit\u00e9 sont les bienvenus et doivent \u00eatre adress\u00e9s \u00e0 <a class=\"mail-link\" href=\"mailto:DataProtectionJW@jeldwen.com\" data-enc-email=\"QngnCebgrpgvbaWJ[at]wryqjra.pbz\" data-wpel-link=\"ignore\"><span id=\"eeb-835052-661298\">DataProtectionJW@jeldwen.com<\/span><\/a>.<\/p>\n<p>&nbsp;<\/p>\n\n                <\/div>\n            <\/section>\n            <\/div>\n","protected":false},"excerpt":{"rendered":"","protected":false},"author":1,"featured_media":0,"parent":0,"menu_order":0,"comment_status":"closed","ping_status":"open","template":"","meta":{"_acf_changed":false,"footnotes":""},"class_list":["post-3583","page","type-page","status-publish","hentry"],"acf":[],"yoast_head":"<!-- This site is optimized with the Yoast SEO plugin v26.3 - https:\/\/yoast.com\/wordpress\/plugins\/seo\/ -->\n<title>Protection des donn\u00e9es - Proshop - JELD-WEN<\/title>\n<meta name=\"robots\" content=\"noindex, follow, max-snippet:-1, max-image-preview:large, max-video-preview:-1\" \/>\n<meta property=\"og:locale\" content=\"fr_FR\" \/>\n<meta property=\"og:type\" content=\"article\" \/>\n<meta property=\"og:title\" content=\"Protection des donn\u00e9es - Proshop - JELD-WEN\" \/>\n<meta property=\"og:url\" content=\"https:\/\/proshop.epsimec.dev\/fr\/protection-des-donnees\/\" \/>\n<meta property=\"og:site_name\" content=\"Proshop - JELD-WEN\" \/>\n<meta property=\"article:modified_time\" content=\"2026-01-21T13:36:52+00:00\" \/>\n<meta name=\"twitter:card\" content=\"summary_large_image\" \/>\n<script type=\"application\/ld+json\" class=\"yoast-schema-graph\">{\"@context\":\"https:\/\/schema.org\",\"@graph\":[{\"@type\":\"WebPage\",\"@id\":\"https:\/\/proshop.epsimec.dev\/fr\/protection-des-donnees\/\",\"url\":\"https:\/\/proshop.epsimec.dev\/fr\/protection-des-donnees\/\",\"name\":\"Protection des donn\u00e9es - Proshop - JELD-WEN\",\"isPartOf\":{\"@id\":\"https:\/\/proshop.epsimec.dev\/fr\/#website\"},\"datePublished\":\"2025-02-11T13:41:35+00:00\",\"dateModified\":\"2026-01-21T13:36:52+00:00\",\"breadcrumb\":{\"@id\":\"https:\/\/proshop.epsimec.dev\/fr\/protection-des-donnees\/#breadcrumb\"},\"inLanguage\":\"fr-FR\",\"potentialAction\":[{\"@type\":\"ReadAction\",\"target\":[\"https:\/\/proshop.epsimec.dev\/fr\/protection-des-donnees\/\"]}]},{\"@type\":\"BreadcrumbList\",\"@id\":\"https:\/\/proshop.epsimec.dev\/fr\/protection-des-donnees\/#breadcrumb\",\"itemListElement\":[{\"@type\":\"ListItem\",\"position\":1,\"name\":\"Home\",\"item\":\"https:\/\/proshop.epsimec.dev\/fr\/\"},{\"@type\":\"ListItem\",\"position\":2,\"name\":\"Protection des donn\u00e9es\"}]},{\"@type\":\"WebSite\",\"@id\":\"https:\/\/proshop.epsimec.dev\/fr\/#website\",\"url\":\"https:\/\/proshop.epsimec.dev\/fr\/\",\"name\":\"Proshop - JELD-WEN\",\"description\":\"\",\"potentialAction\":[{\"@type\":\"SearchAction\",\"target\":{\"@type\":\"EntryPoint\",\"urlTemplate\":\"https:\/\/proshop.epsimec.dev\/fr\/?s={search_term_string}\"},\"query-input\":{\"@type\":\"PropertyValueSpecification\",\"valueRequired\":true,\"valueName\":\"search_term_string\"}}],\"inLanguage\":\"fr-FR\"}]}<\/script>\n<!-- \/ Yoast SEO plugin. -->","yoast_head_json":{"title":"Protection des donn\u00e9es - Proshop - JELD-WEN","robots":{"index":"noindex","follow":"follow","max-snippet":"max-snippet:-1","max-image-preview":"max-image-preview:large","max-video-preview":"max-video-preview:-1"},"og_locale":"fr_FR","og_type":"article","og_title":"Protection des donn\u00e9es - Proshop - JELD-WEN","og_url":"https:\/\/proshop.epsimec.dev\/fr\/protection-des-donnees\/","og_site_name":"Proshop - JELD-WEN","article_modified_time":"2026-01-21T13:36:52+00:00","twitter_card":"summary_large_image","schema":{"@context":"https:\/\/schema.org","@graph":[{"@type":"WebPage","@id":"https:\/\/proshop.epsimec.dev\/fr\/protection-des-donnees\/","url":"https:\/\/proshop.epsimec.dev\/fr\/protection-des-donnees\/","name":"Protection des donn\u00e9es - Proshop - JELD-WEN","isPartOf":{"@id":"https:\/\/proshop.epsimec.dev\/fr\/#website"},"datePublished":"2025-02-11T13:41:35+00:00","dateModified":"2026-01-21T13:36:52+00:00","breadcrumb":{"@id":"https:\/\/proshop.epsimec.dev\/fr\/protection-des-donnees\/#breadcrumb"},"inLanguage":"fr-FR","potentialAction":[{"@type":"ReadAction","target":["https:\/\/proshop.epsimec.dev\/fr\/protection-des-donnees\/"]}]},{"@type":"BreadcrumbList","@id":"https:\/\/proshop.epsimec.dev\/fr\/protection-des-donnees\/#breadcrumb","itemListElement":[{"@type":"ListItem","position":1,"name":"Home","item":"https:\/\/proshop.epsimec.dev\/fr\/"},{"@type":"ListItem","position":2,"name":"Protection des donn\u00e9es"}]},{"@type":"WebSite","@id":"https:\/\/proshop.epsimec.dev\/fr\/#website","url":"https:\/\/proshop.epsimec.dev\/fr\/","name":"Proshop - JELD-WEN","description":"","potentialAction":[{"@type":"SearchAction","target":{"@type":"EntryPoint","urlTemplate":"https:\/\/proshop.epsimec.dev\/fr\/?s={search_term_string}"},"query-input":{"@type":"PropertyValueSpecification","valueRequired":true,"valueName":"search_term_string"}}],"inLanguage":"fr-FR"}]}},"_links":{"self":[{"href":"https:\/\/proshop.epsimec.dev\/fr\/wp-json\/wp\/v2\/pages\/3583","targetHints":{"allow":["GET"]}}],"collection":[{"href":"https:\/\/proshop.epsimec.dev\/fr\/wp-json\/wp\/v2\/pages"}],"about":[{"href":"https:\/\/proshop.epsimec.dev\/fr\/wp-json\/wp\/v2\/types\/page"}],"author":[{"embeddable":true,"href":"https:\/\/proshop.epsimec.dev\/fr\/wp-json\/wp\/v2\/users\/1"}],"replies":[{"embeddable":true,"href":"https:\/\/proshop.epsimec.dev\/fr\/wp-json\/wp\/v2\/comments?post=3583"}],"version-history":[{"count":1,"href":"https:\/\/proshop.epsimec.dev\/fr\/wp-json\/wp\/v2\/pages\/3583\/revisions"}],"predecessor-version":[{"id":3585,"href":"https:\/\/proshop.epsimec.dev\/fr\/wp-json\/wp\/v2\/pages\/3583\/revisions\/3585"}],"wp:attachment":[{"href":"https:\/\/proshop.epsimec.dev\/fr\/wp-json\/wp\/v2\/media?parent=3583"}],"curies":[{"name":"wp","href":"https:\/\/api.w.org\/{rel}","templated":true}]}}