{"id":3587,"date":"2025-11-18T10:17:31","date_gmt":"2025-11-18T09:17:31","guid":{"rendered":"https:\/\/proshop.epsimec.dev\/cookie-richtlinie\/"},"modified":"2026-01-21T15:01:02","modified_gmt":"2026-01-21T14:01:02","slug":"politique-sur-les-cookies-de-jeld-wen","status":"publish","type":"page","link":"https:\/\/proshop.epsimec.dev\/fr\/politique-sur-les-cookies-de-jeld-wen\/","title":{"rendered":"Politique sur les cookies de JELD-WEN"},"content":{"rendered":"<div id=\"ep-title-text-block_3a8ddd0c70bdcea9fc7ce379537f889f\" class=\"ep-title-text ep-block \">\n            <div class=\"show-frontend\">\n            <div class=\"inner alignment-left\">\n                                    <h1 class=\"title\">Politique sur les cookies de JELD-WEN<\/h1>\n                                            <\/div>\n        <\/div>\n    <\/div>\n\n\n<div id=\"ep-block-spacer-block_798ad173ff7d56909e91a777be4c5b35\" class=\"ep-block-spacer ep-block \">\n            <section  class=\"show-frontend  \">\n                        <style>\n                #ep-spacer-vdAIH {\n                    height: 100px;\n                }\n\n                @media (max-width: 767px) {\n                    #ep-spacer-vdAIH {\n                        height: 40px;\n                    }\n                }\n\n                @media (min-width: 768px) and (max-width: 1023px) {\n                    #ep-spacer-vdAIH {\n                        height: 60px;\n                    }\n                }\n            <\/style>\n            <div id=\"ep-spacer-vdAIH\"><\/div>\n        <\/section>\n    <\/div>\n\n<div id=\"ep-wysiwyg-block_44811e1f2fad7321390f0e657539f4af\" class=\"ep-wysiwyg ep-block \">\n                        <section class=\"show-frontend\">\n                <div class=\"ep-inner\">\n                    <p>JELD-WEN et son groupe d\u2019entreprises (\u00ab JELD-WEN \u00bb) s\u2019engagent \u00e0 prot\u00e9ger votre vie priv\u00e9e et \u00e0 d\u00e9velopper des technologies qui vous offrent une exp\u00e9rience d\u2019entreprise extr\u00eamement impressionnante et s\u00e9curis\u00e9e.<\/p>\n<p>Si vous vous trouvez dans l\u2019Union europ\u00e9enne, c\u2019est la filiale ou l\u2019entreprise affili\u00e9e de JELD-WEN responsable de la gestion du site qui sera le contr\u00f4leur des donn\u00e9es ou le sous-traitant responsable de la collecte, du traitement et de l\u2019utilisation de vos informations personnelles, y compris l\u2019utilisation de cookies. JELD-WEN Europe Limited est le contr\u00f4leur responsable de JELD-WEN en Europe. L\u2019Information Commissioners Office (ICO) au Royaume-Uni est l\u2019autorit\u00e9 de surveillance principale en Europe d\u00e9sign\u00e9e par JELD-WEN.<\/p>\n<h3>1. Champ d\u2019application &amp; objet<\/h3>\n<p>La pr\u00e9sente politique sur les cookies de JELD-WEN (\u00ab Politique \u00bb ) s\u2019applique \u00e0 tous les sites web ainsi qu\u2019\u00e0 toute application, tout produit ou service de JELD-WEN qui renvoie \u00e0 la pr\u00e9sente politique ou qui l\u2019incorpore par renvoi. Cette politique d\u00e9finit les cookies que nous utilisons et la fa\u00e7on dont nous exploitons les informations recueillies \u00e0 l\u2019aide de cookies et de technologies de suivi similaires. Les cookies contiennent des donn\u00e9es personnelles telles que d\u00e9finies ci-apr\u00e8s. JELD-WEN garantit que toutes les donn\u00e9es personnelles seront trait\u00e9es de mani\u00e8re s\u00e9curis\u00e9e et conform\u00e9ment aux lois applicables. Nous avons expliqu\u00e9 nos pratiques en mati\u00e8re de confidentialit\u00e9, y compris les types de donn\u00e9es que nous recueillons, notre traitement des donn\u00e9es, le but pour lequel nous recueillons les donn\u00e9es et la fa\u00e7on dont nous nous assurons que les donn\u00e9es sont trait\u00e9es et stock\u00e9es ou conserv\u00e9es conform\u00e9ment \u00e0 la loi applicable, les droits que vous avez en rapport avec vos donn\u00e9es personnelles et les meilleures fa\u00e7ons de nous contacter si vous avez des questions ou des pr\u00e9occupations concernant les pratiques de confidentialit\u00e9 de JELD-WEN dans la <a href=\"https:\/\/www.jeld-wen.ch\/fr\/protection-des-donnees\/\">Politique de confidentialit\u00e9 de JELD-WEN<\/a>, qui est \u00e9galement disponible sur notre site web.<\/p>\n<h3>2. Que sont les cookies ?<\/h3>\n<p>\u201cLes \u00ab cookies \u00bb sont des fichiers de donn\u00e9es qu\u2019un site web place sur votre ordinateur pendant que vous consultez le site. Ces fichiers de donn\u00e9es contiennent des informations qui permettent \u00e0 notre site de m\u00e9moriser des informations importantes qui rendent l\u2019utilisation du site plus efficace et plus pertinente pour vous. Nos sites utilisent les cookies \u00e0 diverses fins.<\/p>\n<h3>3. Comment utilisons-nous les cookies et autres technologies de suivi similaires ?<\/h3>\n<p>Lorsque vous utilisez notre site, nous stockons des cookies sur votre ordinateur afin de faciliter l\u2019utilisation de notre site et de le personnaliser. Nos cookies enregistrent des num\u00e9ros d\u2019identification d\u2019utilisateur attribu\u00e9s au hasard, le pays dans lequel vous vous trouvez et votre nom afin de vous pouvoir \u00e0 nouveau vous accueillir sur notre site. Les cookies peuvent simplifier votre utilisation du site, assurer le bon fonctionnement de celui-ci et nous aider \u00e0 maintenir la s\u00e9curit\u00e9 du site. Vous \u00eates libre \u00e0 tout moment de refuser nos cookies si votre navigateur le permet, mais certaines parties de notre site peuvent ne pas fonctionner correctement dans ce cas.<\/p>\n<p>Nous utilisons \u00e9galement des \u00abcookies Flash \u00bb. Il s\u2019agit de cookies sp\u00e9ciaux qui sont recueillis par l\u2019interm\u00e9diaire d\u2019Adobe Flash Media Player, un logiciel qui se trouve probablement sur votre ordinateur et qui vous aide \u00e0 regarder des vid\u00e9os en ligne et \u00e0 \u00e9couter des podcasts. Rendez-vous sur le site web d\u2019Adobe si vous souhaitez contr\u00f4ler les cookies Flash sur votre ordinateur. Si vous utilisez le navigateur Firefox, vous pouvez \u00e9galement installer un add-on pour d\u00e9tecter et supprimer les cookies Flash.<\/p>\n<p>Les visiteurs de nos pages utilisent diff\u00e9rents navigateurs web et diff\u00e9rents ordinateurs. Pour faciliter au maximum vos visites sur le site avec la technologie que vous utilisez, nous suivons automatiquement le type de navigateur (p. ex. Internet Explorer) et le syst\u00e8me d\u2019exploitation (p. ex. Windows, Mac) utilis\u00e9s par un visiteur et le nom de domaine du fournisseur d\u2019acc\u00e8s Internet du visiteur. Nous suivons \u00e9galement le nombre total de visiteurs de notre site sous forme agr\u00e9g\u00e9e, ce qui nous permet de mettre \u00e0 jour et d\u2019am\u00e9liorer nos pages. Ces informations nous indiquent si un plus grand nombre de visiteurs pr\u00e9f\u00e8rent certaines fonctionnalit\u00e9s ou zones plut\u00f4t que d\u2019autres, ce qui nous aide \u00e0 garder notre site \u00e0 jour et \u00e0 le rendre int\u00e9ressant pour la majorit\u00e9 de nos visiteurs.<\/p>\n<h3>4. Pourquoi utilisons-nous des cookies ?<\/h3>\n<p>Nous utilisons la technologie des cookies et les adresses IP pour obtenir des informations sur les visiteurs en ligne et pour offrir aux visiteurs enregistr\u00e9s une exp\u00e9rience en ligne optimale et personnalis\u00e9e.<\/p>\n<p>La technologie des cookies nous aide \u00e0 fournir un contenu adapt\u00e9 aux int\u00e9r\u00eats des visiteurs et nous permet de simplifier la commande de produits et l\u2019utilisation d\u2019autres fonctions sur notre site. Dans de tels cas, et dans la mesure o\u00f9 cela est indiqu\u00e9 dans le cadre de nos pratiques et de notre politique telles qu\u2019elles ont \u00e9t\u00e9 publi\u00e9es, nous pouvons lier des renseignements personnels \u00e0 un fichier de cookie<\/p>\n<h3>5. Quelles technologies de tiers utilisons-nous ?<\/h3>\n<p>Nous travaillons avec des soci\u00e9t\u00e9s tierces pour maintenir et am\u00e9liorer nos sites web. Nous veillons \u00e0 ce que chaque entreprise qui travaille avec nous et recueille des donn\u00e9es personnelles respecte strictement les normes de protection des donn\u00e9es. Voici quelques exemples :<\/p>\n<ul>\n<li>Google &amp; Google Analytics | <a href=\"http:\/\/www.google.co.uk\/intl\/en\/policies\/privacy\/\">R\u00e8gles de confidentialit\u00e9<\/a><\/li>\n<\/ul>\n<p>Nous utilisons Google Analytics pour mieux comprendre comment nos clients naviguent vers et sur nos sites web, combien de temps les utilisateurs passent \u00e0 visiter nos \u00e9l\u00e9ments de contenu et \u00e0 quelle fr\u00e9quence ils retournent sur nos pages web. Google Analytics nous aide \u00e9galement \u00e0 assurer le suivi de l\u2019efficacit\u00e9 des fonds investis dans nos campagnes de marketing num\u00e9rique.<\/p>\n<ul>\n<li>JQuery &amp; JQuery UI | <a href=\"https:\/\/js.foundation\/about\">Informations<\/a><\/li>\n<\/ul>\n<p>Nous utilisons JQuery et JqueryUI pour contr\u00f4ler l\u2019identit\u00e9 visuelle du site et pour vous fournir un moyen de contr\u00f4ler les cookies que nous utilisons.<\/p>\n<h3>6. Quelles cat\u00e9gories de cookies utilisons-nous ?<\/h3>\n<p>Les cookies que nous utilisons sont bas\u00e9s sur le guide de la Chambre de Commerce Internationale sur les cookies : cookies strictement n\u00e9cessaires, cookies de performance, cookies de fonctionnalit\u00e9 et cookies de ciblage.<\/p>\n<p>Les cookies \u00ab strictement n\u00e9cessaires \u00bb vous permettent de naviguer sur le site web et d\u2019utiliser les fonctionnalit\u00e9s essentielles, telles que les zones s\u00e9curis\u00e9es, les paniers d\u2019achat et la facturation en ligne. Ces cookies ne collectent aucune information \u00e0 votre sujet qui pourrait \u00eatre utilis\u00e9e \u00e0 des fins de marketing ou pour m\u00e9moriser les sections de l\u2019Internet vous avez visit\u00e9es. Nous utilisons ces cookies strictement n\u00e9cessaires aux fins suivantes :<\/p>\n<ul>\n<li>Pour m\u00e9moriser certains \u00e9l\u00e9ments tels que les informations que vous avez entr\u00e9es dans les formulaires de commande lorsque vous naviguez vers diff\u00e9rentes pages pendant une m\u00eame session de navigateur web.<\/li>\n<li>Pour vous identifier comme visiteur connect\u00e9 \u00e0 un site web de JELD-WEN.<\/li>\n<li>Pour faire en sorte que vous soyez connect\u00e9 au bon service sur notre site web si nous apportons des changements au fonctionnement de notre site web.<\/li>\n<\/ul>\n<p>Les cookies d\u00e9finis comme \u00ab strictement n\u00e9cessaires \u00bb ne sont PAS utilis\u00e9s aux fins<br \/>\nsuivantes :<\/p>\n<ul>\n<li>Pour recueillir des renseignements qui pourraient \u00eatre utilis\u00e9s pour vous proposer des publicit\u00e9s de produits ou de services.<\/li>\n<li>Pour m\u00e9moriser vos pr\u00e9f\u00e9rences ou votre nom d\u2019utilisateur pour une p\u00e9riode de temps allant au-del\u00e0 de votre visite actuelle.<\/li>\n<\/ul>\n<p>Les cookies \u00ab de performance \u00bb recueillent des informations sur la fa\u00e7on dont vous utilisez notre site web, p. ex. les pages que vous visitez et la survenance d\u2019erreurs pendant votre visite sur le site web. Ces cookies ne collectent aucune information qui pourrait vous identifier ; toutes les informations sont anonymes et ne sont utilis\u00e9es que pour nous aider \u00e0 am\u00e9liorer le fonctionnement de notre site web, \u00e0 reconna\u00eetre les int\u00e9r\u00eats de nos utilisateurs et \u00e0 \u00e9valuer l\u2019efficacit\u00e9 de nos mesures publicitaires. Nous utilisons les cookies de performance aux fins suivantes :<\/p>\n<ul>\n<li>Pour obtenir des statistiques sur l\u2019utilisation de notre site web.<\/li>\n<li>Pour conna\u00eetre l\u2019efficacit\u00e9 de nos mesures publicitaires (nous n\u2019utilisons pas ces informations pour cibler des publicit\u00e9s lorsque vous visitez d\u2019autres sites web).<\/li>\n<li>Pour nous aider \u00e0 am\u00e9liorer le site web en analysant toute erreur qui pourrait se produire.<\/li>\n<li>Pour tester les diff\u00e9rents designs de notre site web.<\/li>\n<\/ul>\n<p>Les cookies d\u00e9finis comme \u00e9tant des cookies \u00ab de performance \u00bb ne sont PAS utilis\u00e9s aux fins suivantes :<\/p>\n<ul>\n<li>Pour recueillir des renseignements qui pourraient \u00eatre utilis\u00e9s pour vous proposer des publicit\u00e9s de produits ou de services sur d\u2019autres sites web.<\/li>\n<li>Pour m\u00e9moriser vos pr\u00e9f\u00e9rences ou votre nom d\u2019utilisateur pour une p\u00e9riode de temps allant au-del\u00e0 de votre visite actuelle.<\/li>\n<li>Pour cibler des publicit\u00e9s lorsque vous visitez d\u2019autres sites web.<\/li>\n<\/ul>\n<p>Les cookies \u00ab de fonctionnalit\u00e9 \u00bb sont utilis\u00e9s pour fournir des services et m\u00e9moriser des param\u00e8tres afin d\u2019am\u00e9liorer l\u2019exp\u00e9rience utilisateur sur le site web. Nous utilisons des cookies \u00ab de fonctionnalit\u00e9 \u00bb aux fins suivantes :<\/p>\n<ul>\n<li>Pour m\u00e9moriser les param\u00e8tres que vous avez utilis\u00e9s, tels que la mise en page, la taille du texte, les pr\u00e9f\u00e9rences et les couleurs.<\/li>\n<li>Pour nous souvenir si nous vous avons d\u00e9j\u00e0 demand\u00e9 si vous aimeriez participer \u00e0 un sondage.<\/li>\n<li>Pour vous indiquer que vous \u00eates connect\u00e9 \u00e0 notre site.<\/li>\n<li>Pour partager des informations avec des partenaires afin qu\u2019un service puisse \u00eatre fourni sur notre site. Les informations \u00e9chang\u00e9es ne seront utilis\u00e9es que pour fournir le service, le produit ou la fonction en question et \u00e0 aucune autre fin.<\/li>\n<\/ul>\n<p>Les cookies d\u00e9finis comme \u00e9tant des cookies \u00ab de fonctionnalit\u00e9 \u00bb ne sont PAS utilis\u00e9s aux fins suivantes :<\/p>\n<ul>\n<li>Pour cibler des publicit\u00e9s lorsque vous visitez d\u2019autres sites web.<\/li>\n<\/ul>\n<p>Les cookies \u00ab de ciblage \u00bb sont li\u00e9s \u00e0 des services fournis par des tiers, tels que le bouton \u201cJ\u2019aime\u201d et le bouton \u201cPartager\u201d. Le tiers fournit ces services en \u00e9change de l\u2019information de votre visite sur notre site web. Nous utilisons des cookies \u00ab de ciblage \u00bb aux fins suivantes :<\/p>\n<ul>\n<li>Pour cr\u00e9er des liens vers des r\u00e9seaux sociaux tels que Facebook, qui peuvent ensuite utiliser les informations sur votre visite pour vous proposer des publicit\u00e9s cibl\u00e9es lors de vos visites sur d\u2019autres sites web.<\/li>\n<li>Pour fournir aux agences de publicit\u00e9 des informations sur votre visite afin qu\u2019elles puissent vous proposer des publicit\u00e9s susceptibles de vous int\u00e9resser.<\/li>\n<\/ul>\n<h3>7. Que sont les balises web et comment les utilisons-nous ?<\/h3>\n<p>Certaines mises \u00e0 jour de notre site web et de notre courrier \u00e9lectronique peuvent contenir des images \u00e9lectroniques appel\u00e9es balises web, parfois \u00e9galement nomm\u00e9es GIF \u00e0 pixel unique, pixels invisibles ou balises pixel. Sur les sites web, elles nous permettent de compter les visiteurs qui ont consult\u00e9 nos pages. Dans les courriels promotionnels\/bulletins d\u2019information, elles nous permettent de compter les abonn\u00e9s qui ont lu ces documents. Les balises web nous permettent de d\u00e9velopper des informations statistiques sur les activit\u00e9s et les fonctionnalit\u00e9s qui int\u00e9ressent le plus nos clients afin de leur fournir un contenu plus personnalis\u00e9. EIles ne seront pas utilis\u00e9es pour acc\u00e9der \u00e0 vos informations personnelles sans votre consentement.<\/p>\n<h3>8. Comment pouvez-vous choisir de ne pas accepter les cookies ?<\/h3>\n<p>Configuration de votre navigateur pour que les cookies soient refus\u00e9s<\/p>\n<p>Si vous ne voulez pas que des cookies soient utilis\u00e9s, vous pouvez configurer votre ordinateur pour qu\u2019il vous pr\u00e9vienne chaque fois qu\u2019un cookie vous est envoy\u00e9 ; vous pouvez aussi faire en sorte que tous les cookies soient d\u00e9sactiv\u00e9s par votre navigateur (par exemple Internet Explorer ou Firefox). Consultez le menu AIDE de votre navigateur pour vous informer sur la fa\u00e7on de modifier ou de mettre \u00e0 jour vos cookies.<\/p>\n<p>Vous pouvez \u00e9galement visiter la page web d\u2019assistance pertinente du navigateur qui contient des informations d\u00e9taill\u00e9es sur la fa\u00e7on d\u2019effectuer ces r\u00e9glages dans votre navigateur. Vous y trouverez aussi des informations d\u00e9taill\u00e9es sur la mani\u00e8re de supprimer les cookies sur votre ordinateur, ainsi que des informations plus g\u00e9n\u00e9rales sur les cookies. Si vous souhaitez savoir comment effectuer ces r\u00e9glages sur le navigateur de votre t\u00e9l\u00e9phone portable, veuillez vous r\u00e9f\u00e9rer au mode d\u2019emploi de ce dernier. Vous devez cependant \u00eatre conscient que la restriction de l\u2019utilisation des cookies pourrait avoir une influence sur le fonctionnement du site web ou des applications de JELD-WEN.<\/p>\n<h3>9. Comment r\u00e9agissons-nous au r\u00e9glage \u00ab Ne pas suivre \u00bb ?<\/h3>\n<p>Nous ne prenons pas en charge le r\u00e9glage de navigateur \u00ab Ne pas suivre \u00bb et ne participons actuellement \u00e0 aucun programme \u00ab Ne pas suivre \u00bb qui nous permettrait de r\u00e9agir \u00e0 des signaux ou \u00e0 d\u2019autres m\u00e9canismes de votre part concernant la collecte de vos informations personnelles.<\/p>\n<h3>10. Modifications de la pr\u00e9sente politique<\/h3>\n<p>Nous pouvons mettre \u00e0 jour cette politique de temps \u00e0 autre, de sorte que nous vous invitons \u00e0 visiter cette page p\u00e9riodiquement pour v\u00e9rifier si la pr\u00e9sente politique a subi des changements. La poursuite de l\u2019utilisation de nos sites web, applications ou services apr\u00e8s la publication de toute modification sera interpr\u00e9t\u00e9e comme une acceptation de votre part de ces conditions modifi\u00e9es.<\/p>\n<h3>11. Comment pouvez-vous nous contacter ?<\/h3>\n<p>La pr\u00e9sente politique a \u00e9t\u00e9 \u00e9labor\u00e9e de mani\u00e8re \u00e0 \u00eatre br\u00e8ve, concise et claire. Elle ne donne pas une vue d\u2019ensemble d\u00e9taill\u00e9e de tous les aspects de l\u2019utilisation de cookies ou de technologies similaires par JELD-WEN. Si vous avez des questions au sujet de cette politique, veuillez nous envoyer un courriel \u00e0 : <a class=\"mail-link\" href=\"mailto:DataProtectionJW@jeldwen.com\" data-enc-email=\"QngnCebgrpgvbaWJ[at]wryqjra.pbz\" data-wpel-link=\"ignore\"><span id=\"eeb-800643-420211\">DataProtectionJW@jeldwen.com<\/span><\/a>.<\/p>\n<p>Vous pouvez \u00e9galement envoyer vos questions par courrier \u00e0 la filiale locale de JELD-WEN ou nous contacter via la section \u00ab Contactez-nous \u00bb du site <a href=\"http:\/\/www.JELD-WEN.com.\">www.JELD-WEN.com.<\/a><\/p>\n<h3>12. Langue faisant foi<\/h3>\n<p>En cas de conflit entre la version anglaise de la pr\u00e9sente politique et une version traduite dans une autre langue, seule la version anglaise fait foi.<\/p>\n<h3>13. Contr\u00f4le de version<\/h3>\n<p>La pr\u00e9sente politique a \u00e9t\u00e9 r\u00e9vis\u00e9e et mise \u00e0 jour la derni\u00e8re fois le 26 avril 2018<\/p>\n\n                <\/div>\n            <\/section>\n            <\/div>\n","protected":false},"excerpt":{"rendered":"","protected":false},"author":1,"featured_media":0,"parent":0,"menu_order":0,"comment_status":"closed","ping_status":"closed","template":"","meta":{"_acf_changed":false,"footnotes":""},"class_list":["post-3587","page","type-page","status-publish","hentry"],"acf":[],"yoast_head":"<!-- This site is optimized with the Yoast SEO plugin v26.3 - https:\/\/yoast.com\/wordpress\/plugins\/seo\/ -->\n<title>Politique sur les cookies de JELD-WEN - Proshop - JELD-WEN<\/title>\n<meta name=\"robots\" content=\"noindex, follow, max-snippet:-1, max-image-preview:large, max-video-preview:-1\" \/>\n<meta property=\"og:locale\" content=\"fr_FR\" \/>\n<meta property=\"og:type\" content=\"article\" \/>\n<meta property=\"og:title\" content=\"Politique sur les cookies de JELD-WEN - Proshop - JELD-WEN\" \/>\n<meta property=\"og:url\" content=\"https:\/\/proshop.epsimec.dev\/fr\/politique-sur-les-cookies-de-jeld-wen\/\" \/>\n<meta property=\"og:site_name\" content=\"Proshop - JELD-WEN\" \/>\n<meta property=\"article:modified_time\" content=\"2026-01-21T14:01:02+00:00\" \/>\n<meta name=\"twitter:card\" content=\"summary_large_image\" \/>\n<script type=\"application\/ld+json\" class=\"yoast-schema-graph\">{\"@context\":\"https:\/\/schema.org\",\"@graph\":[{\"@type\":\"WebPage\",\"@id\":\"https:\/\/proshop.epsimec.dev\/fr\/politique-sur-les-cookies-de-jeld-wen\/\",\"url\":\"https:\/\/proshop.epsimec.dev\/fr\/politique-sur-les-cookies-de-jeld-wen\/\",\"name\":\"Politique sur les cookies de JELD-WEN - Proshop - JELD-WEN\",\"isPartOf\":{\"@id\":\"https:\/\/proshop.epsimec.dev\/fr\/#website\"},\"datePublished\":\"2025-11-18T09:17:31+00:00\",\"dateModified\":\"2026-01-21T14:01:02+00:00\",\"breadcrumb\":{\"@id\":\"https:\/\/proshop.epsimec.dev\/fr\/politique-sur-les-cookies-de-jeld-wen\/#breadcrumb\"},\"inLanguage\":\"fr-FR\",\"potentialAction\":[{\"@type\":\"ReadAction\",\"target\":[\"https:\/\/proshop.epsimec.dev\/fr\/politique-sur-les-cookies-de-jeld-wen\/\"]}]},{\"@type\":\"BreadcrumbList\",\"@id\":\"https:\/\/proshop.epsimec.dev\/fr\/politique-sur-les-cookies-de-jeld-wen\/#breadcrumb\",\"itemListElement\":[{\"@type\":\"ListItem\",\"position\":1,\"name\":\"Home\",\"item\":\"https:\/\/proshop.epsimec.dev\/fr\/\"},{\"@type\":\"ListItem\",\"position\":2,\"name\":\"Politique sur les cookies de JELD-WEN\"}]},{\"@type\":\"WebSite\",\"@id\":\"https:\/\/proshop.epsimec.dev\/fr\/#website\",\"url\":\"https:\/\/proshop.epsimec.dev\/fr\/\",\"name\":\"Proshop - JELD-WEN\",\"description\":\"\",\"potentialAction\":[{\"@type\":\"SearchAction\",\"target\":{\"@type\":\"EntryPoint\",\"urlTemplate\":\"https:\/\/proshop.epsimec.dev\/fr\/?s={search_term_string}\"},\"query-input\":{\"@type\":\"PropertyValueSpecification\",\"valueRequired\":true,\"valueName\":\"search_term_string\"}}],\"inLanguage\":\"fr-FR\"}]}<\/script>\n<!-- \/ Yoast SEO plugin. -->","yoast_head_json":{"title":"Politique sur les cookies de JELD-WEN - Proshop - JELD-WEN","robots":{"index":"noindex","follow":"follow","max-snippet":"max-snippet:-1","max-image-preview":"max-image-preview:large","max-video-preview":"max-video-preview:-1"},"og_locale":"fr_FR","og_type":"article","og_title":"Politique sur les cookies de JELD-WEN - Proshop - JELD-WEN","og_url":"https:\/\/proshop.epsimec.dev\/fr\/politique-sur-les-cookies-de-jeld-wen\/","og_site_name":"Proshop - JELD-WEN","article_modified_time":"2026-01-21T14:01:02+00:00","twitter_card":"summary_large_image","schema":{"@context":"https:\/\/schema.org","@graph":[{"@type":"WebPage","@id":"https:\/\/proshop.epsimec.dev\/fr\/politique-sur-les-cookies-de-jeld-wen\/","url":"https:\/\/proshop.epsimec.dev\/fr\/politique-sur-les-cookies-de-jeld-wen\/","name":"Politique sur les cookies de JELD-WEN - Proshop - JELD-WEN","isPartOf":{"@id":"https:\/\/proshop.epsimec.dev\/fr\/#website"},"datePublished":"2025-11-18T09:17:31+00:00","dateModified":"2026-01-21T14:01:02+00:00","breadcrumb":{"@id":"https:\/\/proshop.epsimec.dev\/fr\/politique-sur-les-cookies-de-jeld-wen\/#breadcrumb"},"inLanguage":"fr-FR","potentialAction":[{"@type":"ReadAction","target":["https:\/\/proshop.epsimec.dev\/fr\/politique-sur-les-cookies-de-jeld-wen\/"]}]},{"@type":"BreadcrumbList","@id":"https:\/\/proshop.epsimec.dev\/fr\/politique-sur-les-cookies-de-jeld-wen\/#breadcrumb","itemListElement":[{"@type":"ListItem","position":1,"name":"Home","item":"https:\/\/proshop.epsimec.dev\/fr\/"},{"@type":"ListItem","position":2,"name":"Politique sur les cookies de JELD-WEN"}]},{"@type":"WebSite","@id":"https:\/\/proshop.epsimec.dev\/fr\/#website","url":"https:\/\/proshop.epsimec.dev\/fr\/","name":"Proshop - JELD-WEN","description":"","potentialAction":[{"@type":"SearchAction","target":{"@type":"EntryPoint","urlTemplate":"https:\/\/proshop.epsimec.dev\/fr\/?s={search_term_string}"},"query-input":{"@type":"PropertyValueSpecification","valueRequired":true,"valueName":"search_term_string"}}],"inLanguage":"fr-FR"}]}},"_links":{"self":[{"href":"https:\/\/proshop.epsimec.dev\/fr\/wp-json\/wp\/v2\/pages\/3587","targetHints":{"allow":["GET"]}}],"collection":[{"href":"https:\/\/proshop.epsimec.dev\/fr\/wp-json\/wp\/v2\/pages"}],"about":[{"href":"https:\/\/proshop.epsimec.dev\/fr\/wp-json\/wp\/v2\/types\/page"}],"author":[{"embeddable":true,"href":"https:\/\/proshop.epsimec.dev\/fr\/wp-json\/wp\/v2\/users\/1"}],"replies":[{"embeddable":true,"href":"https:\/\/proshop.epsimec.dev\/fr\/wp-json\/wp\/v2\/comments?post=3587"}],"version-history":[{"count":2,"href":"https:\/\/proshop.epsimec.dev\/fr\/wp-json\/wp\/v2\/pages\/3587\/revisions"}],"predecessor-version":[{"id":3590,"href":"https:\/\/proshop.epsimec.dev\/fr\/wp-json\/wp\/v2\/pages\/3587\/revisions\/3590"}],"wp:attachment":[{"href":"https:\/\/proshop.epsimec.dev\/fr\/wp-json\/wp\/v2\/media?parent=3587"}],"curies":[{"name":"wp","href":"https:\/\/api.w.org\/{rel}","templated":true}]}}