{"id":3593,"date":"2025-03-27T13:01:26","date_gmt":"2025-03-27T12:01:26","guid":{"rendered":"https:\/\/proshop.epsimec.dev\/kontakt\/"},"modified":"2026-01-22T11:16:06","modified_gmt":"2026-01-22T10:16:06","slug":"contact","status":"publish","type":"page","link":"https:\/\/proshop.epsimec.dev\/fr\/contact\/","title":{"rendered":"Contact"},"content":{"rendered":"\n<iframe src=\"https:\/\/www.google.com\/maps\/embed?pb=!1m18!1m12!1m3!1d2703.5202181618833!2d8.33206107663577!3d47.34324060612624!2m3!1f0!2f0!3f0!3m2!1i1024!2i768!4f13.1!3m3!1m2!1s0x479011d4e5b35ceb%3A0xb6a678fff0b4402a!2sJELD-WEN%20Schweiz%20AG!5e0!3m2!1sde!2sat!4v1763455519321!5m2!1sde!2sat\" width=\"100%\" height=\"450\" style=\"border:0;\" allowfullscreen=\"\" loading=\"lazy\" referrerpolicy=\"no-referrer-when-downgrade\"><\/iframe>\n\n\n<div id=\"ep-block-spacer-block_2661b8536e0492ec2308f59b67397765\" class=\"ep-block-spacer ep-block \">\n            <section  class=\"show-frontend  \">\n                        <style>\n                #ep-spacer-vuoFC {\n                    height: 100px;\n                }\n\n                @media (max-width: 767px) {\n                    #ep-spacer-vuoFC {\n                        height: 40px;\n                    }\n                }\n\n                @media (min-width: 768px) and (max-width: 1023px) {\n                    #ep-spacer-vuoFC {\n                        height: 60px;\n                    }\n                }\n            <\/style>\n            <div id=\"ep-spacer-vuoFC\"><\/div>\n        <\/section>\n    <\/div>\n\n<div id=\"ep-title-text-block_32baab6ab003165166780ddc394c6404\" class=\"ep-title-text ep-block \">\n            <div class=\"show-frontend\">\n            <div class=\"inner alignment-left\">\n                                    <h1 class=\"title\">Bienvenue chez nous !<\/h1>\n                                                    <div class=\"text\">\n                        <p>Nous vous souhaitons la bienvenue dans le plus grand magasin de portes de Suisse et nous tenons \u00e0 votre disposition pour toute information compl\u00e9mentaire.<\/p>\n\n                    <\/div>\n                            <\/div>\n        <\/div>\n    <\/div>\n\n\n<div id=\"ep-block-spacer-block_2661b8536e0492ec2308f59b67397765\" class=\"ep-block-spacer ep-block \">\n            <section  class=\"show-frontend  \">\n                        <style>\n                #ep-spacer-kyB3G {\n                    height: 100px;\n                }\n\n                @media (max-width: 767px) {\n                    #ep-spacer-kyB3G {\n                        height: 40px;\n                    }\n                }\n\n                @media (min-width: 768px) and (max-width: 1023px) {\n                    #ep-spacer-kyB3G {\n                        height: 60px;\n                    }\n                }\n            <\/style>\n            <div id=\"ep-spacer-kyB3G\"><\/div>\n        <\/section>\n    <\/div>\n\n<div id=\"ep-title-text-block_d02c43e8579697171ab2152f8ce4720e\" class=\"ep-title-text ep-block \">\n            <div class=\"show-frontend\">\n            <div class=\"inner alignment-left\">\n                                    <h2 class=\"title\">Contactez-nous :<\/h2>\n                                            <\/div>\n        <\/div>\n    <\/div>\n\n\n<div id=\"ep-block-spacer-block_48086320723edc01b652760f41a71808\" class=\"ep-block-spacer ep-block \">\n            <section  class=\"show-frontend  \">\n                        <style>\n                #ep-spacer-kwvoG {\n                    height: 50px;\n                }\n\n                @media (max-width: 767px) {\n                    #ep-spacer-kwvoG {\n                        height: 20px;\n                    }\n                }\n\n                @media (min-width: 768px) and (max-width: 1023px) {\n                    #ep-spacer-kwvoG {\n                        height: 30px;\n                    }\n                }\n            <\/style>\n            <div id=\"ep-spacer-kwvoG\"><\/div>\n        <\/section>\n    <\/div>\n\n\n<div class=\"wp-block-columns is-layout-flex wp-container-core-columns-is-layout-9d6595d7 wp-block-columns-is-layout-flex\">\n<div class=\"wp-block-column is-layout-flow wp-block-column-is-layout-flow\"><div id=\"ep-wysiwyg-block_24c5abb73f8f78dd53a9c87bfc70f642\" class=\"ep-wysiwyg ep-block \">\n                        <section class=\"show-frontend\">\n                <div class=\"ep-inner\">\n                    <h3>JELD-WEN Suisse AG<\/h3>\n<p>Luzernerstrasse 48<br \/>\nCH-5620 Bremgarten<br \/>\nT\u00e9l. : <a href=\"tel:0566489977\">056 648 99 77<\/a><\/p>\n<h3>JELD-WEN Suisse SA<\/h3>\n<p>Route de Montreux 149<br \/>\nCH-1618 Ch\u00e2tel-St-Denis<br \/>\nT\u00e9l. : <a href=\"tel:0566489977\">056 648 99 77<\/a><\/p>\n<p><a href=\"mailto:tueren@jeldwen.com\">tueren@jeldwen.com<\/a><\/p>\n\n                <\/div>\n            <\/section>\n            <\/div>\n<\/div>\n\n\n\n<div class=\"wp-block-column is-layout-flow wp-block-column-is-layout-flow\"><style id=\"wpforms-css-vars-3596\">\n\t\t\t\t#wpforms-3596 {\n\t\t\t\t--wpforms-field-size-input-height: 43px;\n--wpforms-field-size-input-spacing: 15px;\n--wpforms-field-size-font-size: 16px;\n--wpforms-field-size-line-height: 19px;\n--wpforms-field-size-padding-h: 14px;\n--wpforms-field-size-checkbox-size: 16px;\n--wpforms-field-size-sublabel-spacing: 5px;\n--wpforms-field-size-icon-size: 1;\n--wpforms-label-size-font-size: 16px;\n--wpforms-label-size-line-height: 19px;\n--wpforms-label-size-sublabel-font-size: 14px;\n--wpforms-label-size-sublabel-line-height: 17px;\n--wpforms-button-size-font-size: 17px;\n--wpforms-button-size-height: 41px;\n--wpforms-button-size-padding-h: 15px;\n--wpforms-button-size-margin-top: 10px;\n--wpforms-container-shadow-size-box-shadow: none;\n\t\t\t}\n\t\t\t<\/style><div class=\"wpforms-container wpforms-container-full wpforms-render-modern\" id=\"wpforms-3596\"><form id=\"wpforms-form-3596\" class=\"wpforms-validate wpforms-form wpforms-ajax-form\" data-formid=\"3596\" method=\"post\" enctype=\"multipart\/form-data\" action=\"\/fr\/wp-json\/wp\/v2\/pages\/3593\" data-token=\"a8d3b8b1e38357831a9bdf2e874cc963\" data-token-time=\"1775591773\"><noscript class=\"wpforms-error-noscript\">Veuillez activer JavaScript dans votre navigateur pour remplir ce formulaire.<\/noscript><div id=\"wpforms-error-noscript\" style=\"display: none;\">Veuillez activer JavaScript dans votre navigateur pour remplir ce formulaire.<\/div><div class=\"wpforms-field-container\"><div id=\"wpforms-3596-field_13-container\" class=\"wpforms-field wpforms-field-layout\" data-field-id=\"13\"><div class=\"wpforms-field-layout-rows wpforms-field-large\"><div class=\"wpforms-layout-row\"><div class=\"wpforms-layout-column wpforms-layout-column-50\"><div id=\"wpforms-3596-field_9-container\" class=\"wpforms-field wpforms-field-text\" data-field-id=\"9\"><input type=\"text\" id=\"wpforms-3596-field_9\" class=\"wpforms-field-medium wpforms-field-required\" name=\"wpforms[fields][9]\" placeholder=\"Entreprise\" aria-errormessage=\"wpforms-3596-field_9-error\" required><label class=\"wpforms-field-label\" for=\"wpforms-3596-field_9\">Entreprise <span class=\"wpforms-required-label\" aria-hidden=\"true\">*<\/span><\/label><\/div><\/div><div class=\"wpforms-layout-column wpforms-layout-column-50\"><\/div><\/div><\/div><\/div><div id=\"wpforms-3596-field_1-container\" class=\"wpforms-field wpforms-field-layout\" data-field-id=\"1\"><div class=\"wpforms-field-layout-rows wpforms-field-large\"><div class=\"wpforms-layout-row\"><div class=\"wpforms-layout-column wpforms-layout-column-50\"><div id=\"wpforms-3596-field_10-container\" class=\"wpforms-field wpforms-field-text\" data-field-id=\"10\"><input type=\"text\" id=\"wpforms-3596-field_10\" class=\"wpforms-field-medium wpforms-field-required\" name=\"wpforms[fields][10]\" placeholder=\"Pr\u00e9nom\" aria-errormessage=\"wpforms-3596-field_10-error\" required><label class=\"wpforms-field-label\" for=\"wpforms-3596-field_10\">Pr\u00e9nom <span class=\"wpforms-required-label\" aria-hidden=\"true\">*<\/span><\/label><\/div><\/div><div class=\"wpforms-layout-column wpforms-layout-column-50\"><div id=\"wpforms-3596-field_11-container\" class=\"wpforms-field wpforms-field-text\" data-field-id=\"11\"><input type=\"text\" id=\"wpforms-3596-field_11\" class=\"wpforms-field-medium wpforms-field-required\" name=\"wpforms[fields][11]\" placeholder=\"Nom de famille\" aria-errormessage=\"wpforms-3596-field_11-error\" required><label class=\"wpforms-field-label\" for=\"wpforms-3596-field_11\">Nom de famille <span class=\"wpforms-required-label\" aria-hidden=\"true\">*<\/span><\/label><\/div><\/div><\/div><\/div><\/div><div id=\"wpforms-3596-field_14-container\" class=\"wpforms-field wpforms-field-layout\" data-field-id=\"14\"><div class=\"wpforms-field-layout-rows wpforms-field-large\"><div class=\"wpforms-layout-row\"><div class=\"wpforms-layout-column wpforms-layout-column-50\"><div id=\"wpforms-3596-field_16-container\" class=\"wpforms-field wpforms-field-email\" data-field-id=\"16\"><input type=\"email\" id=\"wpforms-3596-field_16\" class=\"wpforms-field-medium wpforms-field-required\" name=\"wpforms[fields][16]\" placeholder=\"Entrer l&#039;adresse e-mail\" spellcheck=\"false\" aria-errormessage=\"wpforms-3596-field_16-error\" required><label class=\"wpforms-field-label\" for=\"wpforms-3596-field_16\">Entrer l&#039;adresse e-mail <span class=\"wpforms-required-label\" aria-hidden=\"true\">*<\/span><\/label><\/div><\/div><div class=\"wpforms-layout-column wpforms-layout-column-50\"><div id=\"wpforms-3596-field_19-container\" class=\"wpforms-field wpforms-field-email\" data-field-id=\"19\"><input type=\"email\" id=\"wpforms-3596-field_19\" class=\"wpforms-field-medium wpforms-field-required\" name=\"wpforms[fields][19]\" placeholder=\"E-Mail Adresse best\u00e4tigen\" spellcheck=\"false\" aria-errormessage=\"wpforms-3596-field_19-error\" required><label class=\"wpforms-field-label\" for=\"wpforms-3596-field_19\">E-Mail Adresse best\u00e4tigen <span class=\"wpforms-required-label\" aria-hidden=\"true\">*<\/span><\/label><\/div><\/div><\/div><\/div><\/div><div id=\"wpforms-3596-field_20-container\" class=\"wpforms-field wpforms-field-layout\" data-field-id=\"20\"><div class=\"wpforms-field-layout-rows wpforms-field-large\"><div class=\"wpforms-layout-row\"><div class=\"wpforms-layout-column wpforms-layout-column-50\"><div id=\"wpforms-3596-field_24-container\" class=\"wpforms-field wpforms-field-text\" data-field-id=\"24\"><input type=\"text\" id=\"wpforms-3596-field_24\" class=\"wpforms-field-medium\" name=\"wpforms[fields][24]\" placeholder=\"Num\u00e9ro de t\u00e9l\u00e9phone\" aria-errormessage=\"wpforms-3596-field_24-error\" ><label class=\"wpforms-field-label\" for=\"wpforms-3596-field_24\">Num\u00e9ro de t\u00e9l\u00e9phone<\/label><\/div><\/div><div class=\"wpforms-layout-column wpforms-layout-column-50\"><\/div><\/div><\/div><\/div><div id=\"wpforms-3596-field_4-container\" class=\"wpforms-field wpforms-field-layout\" data-field-id=\"4\"><div class=\"wpforms-field-layout-rows wpforms-field-large\"><div class=\"wpforms-layout-row\"><div class=\"wpforms-layout-column wpforms-layout-column-50\"><div id=\"wpforms-3596-field_6-container\" class=\"wpforms-field wpforms-field-text\" data-field-id=\"6\"><input type=\"text\" id=\"wpforms-3596-field_6\" class=\"wpforms-field-medium wpforms-field-required\" name=\"wpforms[fields][6]\" placeholder=\"Votre demande\" aria-errormessage=\"wpforms-3596-field_6-error\" required><label class=\"wpforms-field-label\" for=\"wpforms-3596-field_6\">Votre demande <span class=\"wpforms-required-label\" aria-hidden=\"true\">*<\/span><\/label><\/div><\/div><div class=\"wpforms-layout-column wpforms-layout-column-50\"><\/div><\/div><\/div><\/div><div id=\"wpforms-3596-field_7-container\" class=\"wpforms-field wpforms-field-textarea\" data-field-id=\"7\"><textarea id=\"wpforms-3596-field_7\" class=\"wpforms-field-medium wpforms-field-required\" name=\"wpforms[fields][7]\" placeholder=\"Message\" aria-errormessage=\"wpforms-3596-field_7-error\" required><\/textarea><label class=\"wpforms-field-label\" for=\"wpforms-3596-field_7\">Vous pouvez poser votre question ici. <span class=\"wpforms-required-label\" aria-hidden=\"true\">*<\/span><\/label><\/div>\t\t<div id=\"wpforms-3596-field_2-container\"\n\t\t\tclass=\"wpforms-field wpforms-field-text\"\n\t\t\tdata-field-type=\"text\"\n\t\t\tdata-field-id=\"2\"\n\t\t\t>\n\t\t\t<label class=\"wpforms-field-label\" for=\"wpforms-3596-field_2\" >Adresse Pr\u00e9nom best\u00e4tigen<\/label>\n\t\t\t<input type=\"text\" id=\"wpforms-3596-field_2\" class=\"wpforms-field-medium\" name=\"wpforms[fields][2]\" >\n\t\t<\/div>\n\t\t<div id=\"wpforms-3596-field_8-container\" class=\"wpforms-field wpforms-field-checkbox\" data-field-id=\"8\"><fieldset><legend class=\"wpforms-field-label wpforms-label-hide\" aria-hidden=\"false\">Datenschutz <span class=\"wpforms-required-label\" aria-hidden=\"true\">*<\/span><\/legend><ul id=\"wpforms-3596-field_8\" class=\"wpforms-field-required\"><li class=\"choice-1 depth-1\"><input type=\"checkbox\" id=\"wpforms-3596-field_8_1\" name=\"wpforms[fields][8][]\" value=\"J&#039;accepte les dispositions relatives \u00e0 la protection des donn\u00e9es\" aria-errormessage=\"wpforms-3596-field_8_1-error\" required ><label class=\"wpforms-field-label-inline\" for=\"wpforms-3596-field_8_1\">J'accepte les dispositions relatives \u00e0 la protection des donn\u00e9es<\/label><\/li><\/ul><\/fieldset><\/div><script>\n\t\t\t\t( function() {\n\t\t\t\t\tconst style = document.createElement( 'style' );\n\t\t\t\t\tstyle.appendChild( document.createTextNode( '#wpforms-3596-field_2-container { position: absolute !important; overflow: hidden !important; display: inline !important; height: 1px !important; width: 1px !important; z-index: -1000 !important; padding: 0 !important; } #wpforms-3596-field_2-container input { visibility: hidden; } #wpforms-conversational-form-page #wpforms-3596-field_2-container label { counter-increment: none; }' ) );\n\t\t\t\t\tdocument.head.appendChild( style );\n\t\t\t\t\tdocument.currentScript?.remove();\n\t\t\t\t} )();\n\t\t\t<\/script><\/div><!-- .wpforms-field-container --><div class=\"wpforms-submit-container\" ><input type=\"hidden\" name=\"wpforms[id]\" value=\"3596\"><input type=\"hidden\" name=\"page_title\" value=\"\"><input type=\"hidden\" name=\"page_url\" value=\"https:\/\/proshop.epsimec.dev\/fr\/wp-json\/wp\/v2\/pages\/3593\"><input type=\"hidden\" name=\"url_referer\" value=\"\"><button type=\"submit\" name=\"wpforms[submit]\" id=\"wpforms-submit-3596\" class=\"wpforms-submit\" data-alt-text=\"En cours d&#039;envoi...\" data-submit-text=\"Envoyer\" aria-live=\"assertive\" value=\"wpforms-submit\">Envoyer<\/button><img loading=\"lazy\" decoding=\"async\" src=\"https:\/\/proshop.epsimec.dev\/wp-content\/plugins\/wpforms\/assets\/images\/submit-spin.svg\" class=\"wpforms-submit-spinner\" style=\"display: none;\" width=\"26\" height=\"26\" alt=\"Chargement en cours\"><\/div><\/form><\/div>  <!-- .wpforms-container -->\n<\/div>\n<\/div>\n\n\n<div id=\"ep-block-spacer-block_2661b8536e0492ec2308f59b67397765\" class=\"ep-block-spacer ep-block \">\n            <section  class=\"show-frontend  \">\n                        <style>\n                #ep-spacer-eaArI {\n                    height: 100px;\n                }\n\n                @media (max-width: 767px) {\n                    #ep-spacer-eaArI {\n                        height: 40px;\n                    }\n                }\n\n                @media (min-width: 768px) and (max-width: 1023px) {\n                    #ep-spacer-eaArI {\n                        height: 60px;\n                    }\n                }\n            <\/style>\n            <div id=\"ep-spacer-eaArI\"><\/div>\n        <\/section>\n    <\/div>","protected":false},"excerpt":{"rendered":"","protected":false},"author":1,"featured_media":0,"parent":0,"menu_order":0,"comment_status":"closed","ping_status":"closed","template":"","meta":{"_acf_changed":false,"footnotes":""},"class_list":["post-3593","page","type-page","status-publish","hentry"],"acf":[],"yoast_head":"<!-- This site is optimized with the Yoast SEO plugin v26.3 - https:\/\/yoast.com\/wordpress\/plugins\/seo\/ -->\n<title>Contact - Proshop - JELD-WEN<\/title>\n<meta name=\"robots\" content=\"noindex, follow, max-snippet:-1, max-image-preview:large, max-video-preview:-1\" \/>\n<meta property=\"og:locale\" content=\"fr_FR\" \/>\n<meta property=\"og:type\" content=\"article\" \/>\n<meta property=\"og:title\" content=\"Contact - Proshop - JELD-WEN\" \/>\n<meta property=\"og:url\" content=\"https:\/\/proshop.epsimec.dev\/fr\/contact\/\" \/>\n<meta property=\"og:site_name\" content=\"Proshop - JELD-WEN\" \/>\n<meta property=\"article:modified_time\" content=\"2026-01-22T10:16:06+00:00\" \/>\n<meta name=\"twitter:card\" content=\"summary_large_image\" \/>\n<meta name=\"twitter:label1\" content=\"Dur\u00e9e de lecture estim\u00e9e\" \/>\n\t<meta name=\"twitter:data1\" content=\"1 minute\" \/>\n<script type=\"application\/ld+json\" class=\"yoast-schema-graph\">{\"@context\":\"https:\/\/schema.org\",\"@graph\":[{\"@type\":\"WebPage\",\"@id\":\"https:\/\/proshop.epsimec.dev\/fr\/contact\/\",\"url\":\"https:\/\/proshop.epsimec.dev\/fr\/contact\/\",\"name\":\"Contact - Proshop - JELD-WEN\",\"isPartOf\":{\"@id\":\"https:\/\/proshop.epsimec.dev\/fr\/#website\"},\"datePublished\":\"2025-03-27T12:01:26+00:00\",\"dateModified\":\"2026-01-22T10:16:06+00:00\",\"breadcrumb\":{\"@id\":\"https:\/\/proshop.epsimec.dev\/fr\/contact\/#breadcrumb\"},\"inLanguage\":\"fr-FR\",\"potentialAction\":[{\"@type\":\"ReadAction\",\"target\":[\"https:\/\/proshop.epsimec.dev\/fr\/contact\/\"]}]},{\"@type\":\"BreadcrumbList\",\"@id\":\"https:\/\/proshop.epsimec.dev\/fr\/contact\/#breadcrumb\",\"itemListElement\":[{\"@type\":\"ListItem\",\"position\":1,\"name\":\"Home\",\"item\":\"https:\/\/proshop.epsimec.dev\/fr\/\"},{\"@type\":\"ListItem\",\"position\":2,\"name\":\"Contact\"}]},{\"@type\":\"WebSite\",\"@id\":\"https:\/\/proshop.epsimec.dev\/fr\/#website\",\"url\":\"https:\/\/proshop.epsimec.dev\/fr\/\",\"name\":\"Proshop - JELD-WEN\",\"description\":\"\",\"potentialAction\":[{\"@type\":\"SearchAction\",\"target\":{\"@type\":\"EntryPoint\",\"urlTemplate\":\"https:\/\/proshop.epsimec.dev\/fr\/?s={search_term_string}\"},\"query-input\":{\"@type\":\"PropertyValueSpecification\",\"valueRequired\":true,\"valueName\":\"search_term_string\"}}],\"inLanguage\":\"fr-FR\"}]}<\/script>\n<!-- \/ Yoast SEO plugin. -->","yoast_head_json":{"title":"Contact - Proshop - JELD-WEN","robots":{"index":"noindex","follow":"follow","max-snippet":"max-snippet:-1","max-image-preview":"max-image-preview:large","max-video-preview":"max-video-preview:-1"},"og_locale":"fr_FR","og_type":"article","og_title":"Contact - Proshop - JELD-WEN","og_url":"https:\/\/proshop.epsimec.dev\/fr\/contact\/","og_site_name":"Proshop - JELD-WEN","article_modified_time":"2026-01-22T10:16:06+00:00","twitter_card":"summary_large_image","twitter_misc":{"Dur\u00e9e de lecture estim\u00e9e":"1 minute"},"schema":{"@context":"https:\/\/schema.org","@graph":[{"@type":"WebPage","@id":"https:\/\/proshop.epsimec.dev\/fr\/contact\/","url":"https:\/\/proshop.epsimec.dev\/fr\/contact\/","name":"Contact - Proshop - JELD-WEN","isPartOf":{"@id":"https:\/\/proshop.epsimec.dev\/fr\/#website"},"datePublished":"2025-03-27T12:01:26+00:00","dateModified":"2026-01-22T10:16:06+00:00","breadcrumb":{"@id":"https:\/\/proshop.epsimec.dev\/fr\/contact\/#breadcrumb"},"inLanguage":"fr-FR","potentialAction":[{"@type":"ReadAction","target":["https:\/\/proshop.epsimec.dev\/fr\/contact\/"]}]},{"@type":"BreadcrumbList","@id":"https:\/\/proshop.epsimec.dev\/fr\/contact\/#breadcrumb","itemListElement":[{"@type":"ListItem","position":1,"name":"Home","item":"https:\/\/proshop.epsimec.dev\/fr\/"},{"@type":"ListItem","position":2,"name":"Contact"}]},{"@type":"WebSite","@id":"https:\/\/proshop.epsimec.dev\/fr\/#website","url":"https:\/\/proshop.epsimec.dev\/fr\/","name":"Proshop - JELD-WEN","description":"","potentialAction":[{"@type":"SearchAction","target":{"@type":"EntryPoint","urlTemplate":"https:\/\/proshop.epsimec.dev\/fr\/?s={search_term_string}"},"query-input":{"@type":"PropertyValueSpecification","valueRequired":true,"valueName":"search_term_string"}}],"inLanguage":"fr-FR"}]}},"_links":{"self":[{"href":"https:\/\/proshop.epsimec.dev\/fr\/wp-json\/wp\/v2\/pages\/3593","targetHints":{"allow":["GET"]}}],"collection":[{"href":"https:\/\/proshop.epsimec.dev\/fr\/wp-json\/wp\/v2\/pages"}],"about":[{"href":"https:\/\/proshop.epsimec.dev\/fr\/wp-json\/wp\/v2\/types\/page"}],"author":[{"embeddable":true,"href":"https:\/\/proshop.epsimec.dev\/fr\/wp-json\/wp\/v2\/users\/1"}],"replies":[{"embeddable":true,"href":"https:\/\/proshop.epsimec.dev\/fr\/wp-json\/wp\/v2\/comments?post=3593"}],"version-history":[{"count":3,"href":"https:\/\/proshop.epsimec.dev\/fr\/wp-json\/wp\/v2\/pages\/3593\/revisions"}],"predecessor-version":[{"id":3601,"href":"https:\/\/proshop.epsimec.dev\/fr\/wp-json\/wp\/v2\/pages\/3593\/revisions\/3601"}],"wp:attachment":[{"href":"https:\/\/proshop.epsimec.dev\/fr\/wp-json\/wp\/v2\/media?parent=3593"}],"curies":[{"name":"wp","href":"https:\/\/api.w.org\/{rel}","templated":true}]}}